{"id":1257,"date":"2023-11-17T02:02:19","date_gmt":"2023-11-17T02:02:19","guid":{"rendered":"https:\/\/fermentorchina.com\/?post_type=product&#038;p=1257"},"modified":"2025-07-07T09:21:10","modified_gmt":"2025-07-07T09:21:10","slug":"10l-double-magnetic-mixing-glass-fermentercabinet-type","status":"publish","type":"product","link":"https:\/\/fermentorchina.com\/es\/products\/10l-double-magnetic-mixing-glass-fermentercabinet-type\/","title":{"rendered":"Fermentador de vidrio mezclador magn\u00e9tico doble de 10 litros (tipo gabinete)"},"content":{"rendered":"<p><img fetchpriority=\"high\" decoding=\"async\" class=\"aligncenter size-full wp-image-1258\" src=\"https:\/\/fermentorchina.com\/wp-content\/uploads\/2023\/11\/10L-double-magnetic-mixing-glass-fermentercabinet-type-BLBIO-10GCA-2-H-e1700186343598.jpg\" alt=\"\" width=\"540\" height=\"880\" \/><\/p>\n<table>\n<tbody>\n<tr>\n<td width=\"305\"><strong><b>Par\u00e1metro<\/b><\/strong><\/td>\n<td width=\"1080\"><strong><b>D<\/b><\/strong><strong><b>descripci\u00f3n<\/b><\/strong><\/td>\n<\/tr>\n<tr>\n<td width=\"305\">Volumen total<\/td>\n<td width=\"1080\">5L, 10L, 15L, 20L, 30L, 40L, etc.<\/td>\n<\/tr>\n<tr>\n<td width=\"305\">Volumen de trabajo<\/td>\n<td width=\"1080\">40%~70%<\/td>\n<\/tr>\n<tr>\n<td width=\"305\">Tanque<\/td>\n<td width=\"1080\">Pared de vidrio con tapa y fondo de acero inoxidable, calefacci\u00f3n desde el fondo de la camisa.<\/td>\n<\/tr>\n<tr>\n<td width=\"305\">Sistema de agitaci\u00f3n<\/td>\n<td width=\"1080\">Accionamiento mec\u00e1nico (arriba) o accionamiento magn\u00e9tico (arriba\/abajo), 3 paletas de seis hojas y 1 rompedor de espuma, cada paleta es ajustable en altura.<\/p>\n<p>Velocidad de mezcla: 50~1000rpm\/50-400rpm<\/td>\n<\/tr>\n<tr>\n<td width=\"305\">Esterilizaci\u00f3n<\/td>\n<td width=\"1080\">Esterilizaci\u00f3n in situ (SIP), manual<\/td>\n<\/tr>\n<tr>\n<td width=\"305\">control de gases<\/td>\n<td width=\"1080\">Control por medidor de rotor, caudal de aire 1-2vvm.<\/td>\n<\/tr>\n<tr>\n<td width=\"305\">Alimentaci\u00f3n<\/td>\n<td width=\"1080\">Alimentaci\u00f3n autom\u00e1tica mediante bomba perist\u00e1ltica.<\/td>\n<\/tr>\n<tr>\n<td width=\"305\">Control antiespumante<\/td>\n<td width=\"1080\">Agregue antiespumante autom\u00e1ticamente mediante bomba perist\u00e1ltica<\/td>\n<\/tr>\n<tr>\n<td width=\"305\">Control de temperatura<\/td>\n<td width=\"1080\">Control autom\u00e1tico por programa, la fuente de agua del rango de calefacci\u00f3n el\u00e9ctrica agrega 5 \u2103 a 70 \u2103<\/td>\n<\/tr>\n<tr>\n<td width=\"305\">control de ph<\/td>\n<td width=\"1080\">PH 2,00-12,00\u00b10,1, control autom\u00e1tico de adici\u00f3n de \u00e1cido\/base mediante bomba perist\u00e1ltica, sensor de pH de Hamilton\/Mettler, Suiza.<\/td>\n<\/tr>\n<tr>\n<td width=\"305\">HACER control<\/td>\n<td width=\"1080\">0-150\u00b13% que muestra una precisi\u00f3n de 0,1%, sensor de OD de Hamilton\/Mettler, Suiza. HACER acoplamiento con agitaci\u00f3n, ox\u00edgeno.<\/td>\n<\/tr>\n<tr>\n<td width=\"305\">Muestreo<\/td>\n<td width=\"1080\">Muestreo manual<\/td>\n<\/tr>\n<tr>\n<td width=\"305\">Par\u00e1metros de control<\/td>\n<td width=\"1080\">Pantalla t\u00e1ctil de 10 o 15 pulgadas, PLC Siemens con par\u00e1metros de control (agitaci\u00f3n, pH, OD, temperatura, alimentaci\u00f3n, alarma, gas, etc.), an\u00e1lisis de datos, registro de datos, salida de datos, idioma (RU\/EN\/CN) y otros personalizados. funciones<\/td>\n<\/tr>\n<tr>\n<td width=\"305\">Configuraci\u00f3n opcional<\/td>\n<td width=\"1080\">Control remoto, medidor de flujo m\u00e1sico (gas de control autom\u00e1tico), O2\/N2\/CO2, an\u00e1lisis de escape de gas (CO2), sensor de nivel, sensor de turbidez (OD), sensor ORP, sistema de pesaje, sensor de celda viva (biomasa), impresi\u00f3n, Siemens pantalla t\u00e1ctil, etc<\/td>\n<\/tr>\n<\/tbody>\n<\/table>\n<p><span title=\"BLBIO-XGCA\/XGJA-4\u53d1\u9175\uff0c\u5982\u6279\u5f0f\u3001\u6279\u5f0f\u6d41\u52a0\u3001\u751a\u81f3\u52a8\u7269\u7ec6\u80de\u7684\u57f9\u517b\u3002\">BLBIO-XGCA \/ XGJA-2 es un conjunto de equipos de fermentaci\u00f3n de vidrio de laboratorio, control autom\u00e1tico de esterilizaci\u00f3n, f\u00e1cil de operar, potente, la fermentaci\u00f3n puede cumplir con una variedad de prop\u00f3sitos, como cultivo por lotes, por lotes alimentados o de c\u00e9lulas animales. <\/span><span title=\"\u91c7\u7528\u5f69\u8272\u89e6\u6478\u5c4f\u663e\u793a\u5168\u90e8\u6d4b\u91cf\u503c\u548c\u63a7\u5236\u53c2\u6570,\u5927\u5927\u65b9\u4fbf\u4e86\u7528\u6237\u7684\u64cd\u4f5c.\">Visualizaci\u00f3n en pantalla t\u00e1ctil a color de todos los valores medidos y par\u00e1metros de control, lo que facilita enormemente las acciones del usuario.\u00a0<\/span><span title=\"\u6bcf\u7f50\u5728\u63a7\u5236\u7bb1\u6b63\u9762\u7f50\u65c1\u8fb9\u5b89\u88c5\u4e864\u4e2a\u8815\u52a8\u6cf5\uff0c\u53ef\u4ee5\u5411\u53d1\u9175\u7f50\u8865\u5145\u9178\uff0c\u78b1\uff0c\u6d88\u6ce1\u5242\u548c\u57f9\u517b\u57fa\u3002\">En cada recipiente, frente al tanque, al lado de la caja de control, se instalan cuatro bombas perist\u00e1lticas, al fermentador se le pueden agregar \u00e1cidos, bases, antiespumantes y medio de cultivo.\u00a0<\/span><span title=\"\u53d1\u9175\u4e2d\u5404\u79cd\u53c2\u6570\u5982\uff0cpH\u3001DO\u3001\u6e29\u5ea6\u548c\u8f6c\u901f\u90fd\u80fd\u901a\u8fc7\u63a7\u5236\u5668\u76d1\u63a7\uff0c\u6240\u6709\u7684\u6570\u636e\u548c\u63a7\u5236\u53c2\u6570\u90fd\u53ef\u4f20\u5230\u63a7\u5236\u5668\u6216\u8005\u8ba1\u7b97\u673a\u4e0a.\">El controlador puede monitorear la fermentaci\u00f3n de varios par\u00e1metros, como pH, OD, temperatura y velocidad, y todos los datos y par\u00e1metros de control se pueden pasar al controlador o a la computadora.\u00a0<\/span><span title=\"\u7ed3\u6784\u7d27\u51d1,\u5404\u79cd\u7ec4\u4ef6\u90fd\u80fd\u96c6\u6210\u5728\u53d1\u9175\u7cfb\u7edf\u4e0a.\">Estructura compacta, los distintos componentes se pueden integrar en el sistema de fermentaci\u00f3n.\u00a0<\/span><span title=\"\u91c7\u7528 \u4e0a\u90e8 \u9a71\u52a8 \u7684 \u76f4\u63a5 \u8026\u5408 \u673a\u68b0 \u6405\u62cc \u6216 \u4e0b\u90e8 \u9a71\u52a8 \u78c1\u529b \u95f4\u63a5 \u8026\u5408 \u673a\u68b0 \u6405\u62cc \u65b9\u5f0f \uff0c \u7ed3\u6784 \u7b80\u5355 \uff0c \u64cd\u4f5c\u3002\u3002 \">El controlador superior utiliza agitaci\u00f3n mec\u00e1nica de acoplamiento directo o el accionamiento inferior utiliza agitaci\u00f3n mec\u00e1nica magn\u00e9tica acoplada indirectamente, estructura simple, operaci\u00f3n estable.<\/span><\/p>","protected":false},"excerpt":{"rendered":"<p>Parameter Description Total volume 5L,10L,15L,20L,30L,40L etc. Working volume 40%~70% Tank Glass wall with stainless steel lid and bottom, heating from jacket bottom. Stirring system Mechanical drive(top)\u00a0or Magnetic drive(top\/bottom), 3\u00a0six-blade paddle and 1 foam breaker, each paddle height adjustable. Mix speed: 50~1000rpm\/50-400rpm Sterilization Sterilization in situ (SIP), manual Gas control Control by rotor meter, air flow [&hellip;]<\/p>\n","protected":false},"featured_media":1258,"template":"","meta":{"site-sidebar-layout":"default","site-content-layout":"","ast-site-content-layout":"default","site-content-style":"default","site-sidebar-style":"default","ast-global-header-display":"","ast-banner-title-visibility":"","ast-main-header-display":"","ast-hfb-above-header-display":"","ast-hfb-below-header-display":"","ast-hfb-mobile-header-display":"","site-post-title":"","ast-breadcrumbs-content":"","ast-featured-img":"","footer-sml-layout":"","ast-disable-related-posts":"","theme-transparent-header-meta":"default","adv-header-id-meta":"","stick-header-meta":"","header-above-stick-meta":"","header-main-stick-meta":"","header-below-stick-meta":"","astra-migrate-meta-layouts":"set","ast-page-background-enabled":"default","ast-page-background-meta":{"desktop":{"background-color":"","background-image":"","background-repeat":"repeat","background-position":"center center","background-size":"auto","background-attachment":"scroll","background-type":"","background-media":"","overlay-type":"","overlay-color":"","overlay-opacity":"","overlay-gradient":""},"tablet":{"background-color":"","background-image":"","background-repeat":"repeat","background-position":"center center","background-size":"auto","background-attachment":"scroll","background-type":"","background-media":"","overlay-type":"","overlay-color":"","overlay-opacity":"","overlay-gradient":""},"mobile":{"background-color":"","background-image":"","background-repeat":"repeat","background-position":"center center","background-size":"auto","background-attachment":"scroll","background-type":"","background-media":"","overlay-type":"","overlay-color":"","overlay-opacity":"","overlay-gradient":""}},"ast-content-background-meta":{"desktop":{"background-color":"var(--ast-global-color-5)","background-image":"","background-repeat":"repeat","background-position":"center center","background-size":"auto","background-attachment":"scroll","background-type":"","background-media":"","overlay-type":"","overlay-color":"","overlay-opacity":"","overlay-gradient":""},"tablet":{"background-color":"var(--ast-global-color-5)","background-image":"","background-repeat":"repeat","background-position":"center center","background-size":"auto","background-attachment":"scroll","background-type":"","background-media":"","overlay-type":"","overlay-color":"","overlay-opacity":"","overlay-gradient":""},"mobile":{"background-color":"var(--ast-global-color-5)","background-image":"","background-repeat":"repeat","background-position":"center center","background-size":"auto","background-attachment":"scroll","background-type":"","background-media":"","overlay-type":"","overlay-color":"","overlay-opacity":"","overlay-gradient":""}}},"product_brand":[],"product_cat":[27],"product_tag":[],"class_list":{"0":"post-1257","1":"product","2":"type-product","3":"status-publish","4":"has-post-thumbnail","6":"product_cat-glass-parallelmultistage-fermentor","7":"desktop-align-left","8":"tablet-align-left","9":"mobile-align-left","11":"first","12":"instock","13":"shipping-taxable","14":"product-type-simple"},"_links":{"self":[{"href":"https:\/\/fermentorchina.com\/es\/wp-json\/wp\/v2\/product\/1257","targetHints":{"allow":["GET"]}}],"collection":[{"href":"https:\/\/fermentorchina.com\/es\/wp-json\/wp\/v2\/product"}],"about":[{"href":"https:\/\/fermentorchina.com\/es\/wp-json\/wp\/v2\/types\/product"}],"version-history":[{"count":2,"href":"https:\/\/fermentorchina.com\/es\/wp-json\/wp\/v2\/product\/1257\/revisions"}],"predecessor-version":[{"id":6475,"href":"https:\/\/fermentorchina.com\/es\/wp-json\/wp\/v2\/product\/1257\/revisions\/6475"}],"wp:featuredmedia":[{"embeddable":true,"href":"https:\/\/fermentorchina.com\/es\/wp-json\/wp\/v2\/media\/1258"}],"wp:attachment":[{"href":"https:\/\/fermentorchina.com\/es\/wp-json\/wp\/v2\/media?parent=1257"}],"wp:term":[{"taxonomy":"product_brand","embeddable":true,"href":"https:\/\/fermentorchina.com\/es\/wp-json\/wp\/v2\/product_brand?post=1257"},{"taxonomy":"product_cat","embeddable":true,"href":"https:\/\/fermentorchina.com\/es\/wp-json\/wp\/v2\/product_cat?post=1257"},{"taxonomy":"product_tag","embeddable":true,"href":"https:\/\/fermentorchina.com\/es\/wp-json\/wp\/v2\/product_tag?post=1257"}],"curies":[{"name":"wp","href":"https:\/\/api.w.org\/{rel}","templated":true}]}}