{"id":1444,"date":"2023-12-24T09:07:14","date_gmt":"2023-12-24T09:07:14","guid":{"rendered":"https:\/\/fermentorchina.com\/?post_type=product&#038;p=1444"},"modified":"2025-11-14T05:31:54","modified_gmt":"2025-11-14T05:31:54","slug":"in-situ-sterilization-glass-fermenter","status":"publish","type":"product","link":"https:\/\/fermentorchina.com\/es\/products\/in-situ-sterilization-glass-fermenter\/","title":{"rendered":"5L In-Situ Sterilization Glass Fermenter Magnetic Mixing Bioreactor (Vertical) BLBIO-5GCAV"},"content":{"rendered":"<p>What is special about <strong>In-Situ Sterilization Glass Fermenter<\/strong>\u00a0in the sea of lab-scale fermentation equipment\u2019s? What is it that makes it, the backbone of cell culture, enzyme production and vaccine development projects that researchers and biotech teams around the globe are choosing? Let\u2019s explore in detail.<\/p>\n<h2><strong>A Versatile Fermentation System Tailored for Innovation<\/strong><\/h2>\n<p>Imagine a miniature fermentation device that can get no less versatile or useful. That\u2019s exactly what the <strong>5L In-Situ Sterilization Glass Fermenter Magnetic Mixing Bioreactor (Vertical) BLBIO-5GCAV<\/strong>\u00a0delivers. This system accommodates running of batch processes, fed-batch cultures as well as developing new protocols. But what truly sets it apart?<\/p>\n<p>Its capacity to combine important technologies under a single vertical, space consuming system. Sight inspection of the processes by the glass vessel, stainless steel quality, and a magnetic mixing system that provides zero chances of contamination succession, all are incorporated into this equipment.<\/p>\n<p>Wondering whether this may be the ideal solution to making your lab more efficient when it comes to handling complex bioprocesses?<\/p>\n<h2><strong>Key Technical Features <\/strong><strong>of 5L In-Situ Sterilization Glass Fermenter<\/strong><\/h2>\n<p>Let\u2019s dive into the heart of this bioreactor&#8217;s engineering. All the details are selected to provide the maximum control over the processes, reduce the chances of contamination, and increase the efficiency:<\/p>\n<h3><strong><b>Par\u00e1metros t\u00e9cnicos del fermentador:<\/b><\/strong><\/h3>\n<table>\n<tbody>\n<tr>\n<td width=\"305\"><strong><b>Par\u00e1metro<\/b><\/strong><\/td>\n<td width=\"1080\"><strong><b>D<\/b><\/strong><strong><b>descripci\u00f3n<\/b><\/strong><\/td>\n<\/tr>\n<tr>\n<td width=\"305\">Volumen total<\/td>\n<td width=\"1080\">5L, 10L, 15L, 20L, 30L, 40L, etc.<\/td>\n<\/tr>\n<tr>\n<td width=\"305\">Volumen de trabajo<\/td>\n<td width=\"1080\">40%~70%<\/td>\n<\/tr>\n<tr>\n<td width=\"305\">Tanque<\/td>\n<td width=\"1080\">Pared de vidrio con tapa y fondo de acero inoxidable, calefacci\u00f3n desde el fondo de la camisa.<\/td>\n<\/tr>\n<tr>\n<td width=\"305\">Sistema de agitaci\u00f3n<\/td>\n<td width=\"1080\">Accionamiento mec\u00e1nico (arriba) o accionamiento magn\u00e9tico (arriba\/abajo), 3 paletas de seis hojas y 1 rompedor de espuma, cada paleta es ajustable en altura.<\/p>\n<p>Velocidad de mezcla: 50~1000rpm\/50-400rpm<\/td>\n<\/tr>\n<tr>\n<td width=\"305\">Esterilizaci\u00f3n<\/td>\n<td width=\"1080\">Esterilizaci\u00f3n in situ (SIP), manual<\/td>\n<\/tr>\n<tr>\n<td width=\"305\">control de gases<\/td>\n<td width=\"1080\">Control por medidor de rotor, caudal de aire 1-2vvm.<\/td>\n<\/tr>\n<tr>\n<td width=\"305\">Alimentaci\u00f3n<\/td>\n<td width=\"1080\">Alimentaci\u00f3n autom\u00e1tica mediante bomba perist\u00e1ltica.<\/td>\n<\/tr>\n<tr>\n<td width=\"305\">Control antiespumante<\/td>\n<td width=\"1080\">Agregue antiespumante autom\u00e1ticamente mediante bomba perist\u00e1ltica<\/td>\n<\/tr>\n<tr>\n<td width=\"305\">Control de temperatura<\/td>\n<td width=\"1080\">Control autom\u00e1tico por programa, la fuente de agua del rango de calefacci\u00f3n el\u00e9ctrica agrega 5 \u2103 a 70 \u2103<\/td>\n<\/tr>\n<tr>\n<td width=\"305\">control de ph<\/td>\n<td width=\"1080\">PH 2,00-12,00\u00b10,1, control autom\u00e1tico de adici\u00f3n de \u00e1cido\/base mediante bomba perist\u00e1ltica, sensor de pH de Hamilton\/Mettler, Suiza.<\/td>\n<\/tr>\n<tr>\n<td width=\"305\">HACER control<\/td>\n<td width=\"1080\">0-150\u00b13% que muestra una precisi\u00f3n de 0,1%, sensor de OD de Hamilton\/Mettler, Suiza. HACER acoplamiento con agitaci\u00f3n, ox\u00edgeno.<\/td>\n<\/tr>\n<tr>\n<td width=\"305\">Muestreo<\/td>\n<td width=\"1080\">Muestreo manual<\/td>\n<\/tr>\n<tr>\n<td width=\"305\">Par\u00e1metros de control<\/td>\n<td width=\"1080\">Pantalla t\u00e1ctil de 10 o 15 pulgadas, PLC Siemens con par\u00e1metros de control (agitaci\u00f3n, pH, OD, temperatura, alimentaci\u00f3n, alarma, gas, etc.), an\u00e1lisis de datos, registro de datos, salida de datos, idioma (RU\/EN\/CN) y otros personalizados. funciones<\/td>\n<\/tr>\n<tr>\n<td width=\"305\">Configuraci\u00f3n opcional<\/td>\n<td width=\"1080\">Control remoto, medidor de flujo m\u00e1sico (gas de control autom\u00e1tico), O2\/N2\/CO2, an\u00e1lisis de escape de gas (CO2), sensor de nivel, sensor de turbidez (OD), sensor ORP, sistema de pesaje, sensor de celda viva (biomasa), impresi\u00f3n, Siemens pantalla t\u00e1ctil, etc<\/td>\n<\/tr>\n<\/tbody>\n<\/table>\n<h2><strong>Magnetic Mixing: Zero Contamination, Gentle Agitation, the Power of Magnetic Mixing<\/strong><\/h2>\n<p>At the center of the <strong>5L In-Situ Sterilization Glass Fermenter Magnetic Mixing Bioreactor (Vertical) BLBIO-5GCAV<\/strong>\u00a0is its magnetic mixing technology. Have you ever experienced some problems with mechanical seals, leakages, or contamination threats? Here, those concerns disappear.<\/p>\n<p>The magnetic coupling ensures:<\/p>\n<ul>\n<li>Completely sealed stirring, no mechanical seal, that is no leakage channels.<\/li>\n<li>Adjustable speed control, smooth and suited with delicate cells as CHO cells or insect cells.<\/li>\n<li>Minimal shear force, protecting sensitive cultures.<\/li>\n<\/ul>\n<p>Doesn\u2019t this sound like the reliability you\u2019ve been seeking?<\/p>\n<h2><strong>Flexible Gas and Feeding Control for Perfect Growth Conditions<\/strong><\/h2>\n<p><strong>In-Situ Sterilization Glass Fermenter<\/strong> maintains your culture environment at an optimal degree of stability with its automated peristaltic pumps and rotor meter:<\/p>\n<ul>\n<li>Precisely adds acid, base, nutrients, and antifoam.<\/li>\n<li>Regulates gas flow for aerobic or anaerobic cultures.<\/li>\n<\/ul>\n<p>When high-performance development processes are involved, there is a possibility to integrate optional mass flow meters and exhaust gas analyzers.<\/p>\n<p>Could such control reduce batch variability and improve yield?<\/p>\n<h2><strong>Advanced Control System: More Than Just Automation<\/strong><\/h2>\n<p>The complex processes are made simple using a Siemens PLC and 10 or 15-inch touchscreen interface in the control system:<\/p>\n<ul>\n<li>Real-time monitoring of critical parameters (pH, DO, temperature, stirring speed).<\/li>\n<li>Built-in data logging and reporting tools.<\/li>\n<li>Alarms and notifications for deviations.<\/li>\n<li>Language options to suit global teams.<\/li>\n<\/ul>\n<p>What would happen to this data when it was automatically sorted and ready to be exported to reports or audits?<\/p>\n<h2><strong>Sterilization in Place (SIP): Simplicity Meets Safety<\/strong><\/h2>\n<p>The SIP feature will enable the vessel to sterilize without relocating it to a separate autoclave. This offers:<\/p>\n<ul>\n<li>Reduced contamination risk.<\/li>\n<li>Faster turnaround between batches.<\/li>\n<li>Less manual handling.<\/li>\n<\/ul>\n<p>What would let your lab be more productive through partaking in faster sterilization cycles?<\/p>\n<h2><strong>Compact Vertical Design: Big Benefits in Small Spaces<\/strong><\/h2>\n<p>In many labs, bench space is limited. This vertical design means:<\/p>\n<ul>\n<li>Small footprint without sacrificing working volume.<\/li>\n<li>Better integration into crowded lab benches.<\/li>\n<li>The glass wall gave clear view of the culture.<\/li>\n<\/ul>\n<p>Now think of how this would save space on other equipment.<\/p>\n<h2><strong>Applications Spanning Research to Production<\/strong><\/h2>\n<p>El <strong>5L In-Situ Sterilization Glass Fermenter Magnetic Mixing Bioreactor (Vertical) BLBIO-5GCAV<\/strong>\u00a0isn&#8217;t limited to a single type of fermentation. It\u2019s designed for:<\/p>\n<ul>\n<li><strong>Animal vaccine production:<\/strong>Rabies, Avian influenza, Tetanus, etc.<\/li>\n<li><strong>Human vaccine development:<\/strong>Hepatitis B, Meningitis, Diphtheria, etc.<\/li>\n<li><strong>Enzyme and protein production.<\/strong><\/li>\n<li><strong>Growing\/growth of <\/strong>mammalian cells, plant cells, bacteria, yeast, fungi, and algae.<\/li>\n<li><strong>Research into <\/strong>new antibiotics or food additives.<\/li>\n<\/ul>\n<p>Would saving time and investment on your team in having one system to so many applications?<\/p>\n<h2><strong>Visual Process Insight for Confidence and Quality<\/strong><\/h2>\n<p>The fact that it has a partial glass structure implies it is not only sensors you depend on. See:<\/p>\n<ul>\n<li>Mixing patterns.<\/li>\n<li>Foam formation.<\/li>\n<li>Unexpected changes in culture appearance.<\/li>\n<\/ul>\n<p>Have you ever desired to be able to look inside your reactor, without opening it? This bioreactor makes it possible.<\/p>\n<h2><strong>Data Driven Decisions: Batch After Batch<\/strong><\/h2>\n<p>Data logging and export means you can:<\/p>\n<ul>\n<li>Analyze trends over time.<\/li>\n<li>Troubleshoot processes.<\/li>\n<li>Prove consistency to regulators.<\/li>\n<\/ul>\n<p>Isn\u2019t reliable data the backbone of process optimization?<\/p>\n<h2><strong>Ready for Future Upgrades?<\/strong><\/h2>\n<p>Thanks to modular design, you can add:<\/p>\n<ul>\n<li>Mass flow meters.<\/li>\n<li>Biomass sensors.<\/li>\n<li>Exhaust gas analysis.<\/li>\n<li>And more.<\/li>\n<\/ul>\n<p>Does it feel good not to know that your equipment can become obsolete?<\/p>\n<h2><strong>Engineered for Trust and Compliance<\/strong><\/h2>\n<p><strong>In-Situ Sterilization Glass Fermenter<\/strong> is designed on an international standard by using sensors supplied by Hamilton\/Mettler, Siemens PLC, stainless steel and borosilicate glass components. Global biotech companies trust these brands every day.<\/p>\n<p>What is the significance of trust in long-term career projects in the equipment supplier?<\/p>\n<h2><strong>Easy to Learn, Easy to Use<\/strong><\/h2>\n<p>Thanks to:<\/p>\n<ul>\n<li>Menu-driven interfaces.<\/li>\n<li>Color-coded parameters.<\/li>\n<li>Multilingual screens.<\/li>\n<li>New users can learn quickly, and training becomes simpler.<\/li>\n<\/ul>\n<p>Do you suppose that your team needs less time in training: will it allow you to run experiments faster?<\/p>\n<h2><strong>Supports Modern Bioprocessing Strategies<\/strong><\/h2>\n<p>Ranging between perfusion to high-density fed-batch, this system is capable of supporting more sophisticated processes and thus is future-proof in:<\/p>\n<ul>\n<li>Cell line development.<\/li>\n<li>Vaccine strain optimization.<\/li>\n<li>Recombinant protein expression studies.<\/li>\n<\/ul>\n<p>Do you think alternative approaches can make your research laboratory unique in this competitive world?<\/p>\n<h2><strong>Custom Solutions for Unique Processes<\/strong><\/h2>\n<p>Every lab is different, so optional configurations include:<\/p>\n<ul>\n<li>Gas mixing enhancements.<\/li>\n<li>Weight systems.<\/li>\n<li>Live cell sensors.<\/li>\n<li>ORP and turbidity monitoring.<\/li>\n<\/ul>\n<p>Do you think this degree of customization would fit your vision of the research?<\/p>\n<h2><strong>Why BaiLun Bio?<\/strong><\/h2>\n<p>Beyond the equipment, you gain:<\/p>\n<ul>\n<li>Expert consultation during selection.<\/li>\n<li>Training and support.<\/li>\n<li>Access to spare parts and upgrades.<\/li>\n<\/ul>\n<p>Would it not be nice to work with a partner who has an interest in your process management?<\/p>\n<h2><strong>Reliable Sampling and Harvesting<\/strong><\/h2>\n<p>The design includes:<\/p>\n<ul>\n<li>Manual sampling valve, easy and sterile.<\/li>\n<li>Smooth-bottom design for complete harvest.<\/li>\n<\/ul>\n<p>Could more complete harvesting help improve your yields?<\/p>\n<h2><strong>Designed for Scale-up and Technology Transfer<\/strong><\/h2>\n<p>Begin on a 5L scale and then bring your process to pilots and production with the same essential technologies and sensors. This eases:<\/p>\n<ul>\n<li>Process validation.<\/li>\n<li>Scale-up studies.<\/li>\n<li>Technology transfer to production partners.<\/li>\n<\/ul>\n<p>Would this not help reduce risks between lab to plant?<\/p>\n<h2><strong>In Conclusion: Your Partner in Innovation<\/strong><\/h2>\n<p>El <strong>5L In-Situ Sterilization Glass Fermenter Magnetic Mixing Bioreactor (Vertical) BLBIO-5GCAV<\/strong>\u00a0is more than equipment. It\u2019s a platform:<\/p>\n<ul>\n<li>Built for consistency.<\/li>\n<li>Designed for insight.<\/li>\n<li>Supported for growth.<\/li>\n<\/ul>\n<p>This bio reactor is ready to assist your lab to be innovative, optimized and a leader.<\/p>\n<p><a href=\"https:\/\/fermentorchina.com\/es\/contact-us\/\"><u>Contacto BaiLun Biograf\u00eda<\/u><\/a>\u00a0today and see how it will become part of your workflow. Let\u2019s unlock your research and production potential together.<\/p>","protected":false},"excerpt":{"rendered":"<p>Welcome to the next generation of small-scale precision fermentation, introducing the <strong>5L In-Situ Sterilization Glass Fermenter Magnetic Mixing Bioreactor (Vertical) BLBIO-5GCAV<\/strong>\u00a0by <a href=\"https:\/\/fermentorchina.com\/es\/\"><u>Biograf\u00eda de BaiLun<\/u><\/a>. If you\u2019re exploring ways to elevate your lab&#8217;s productivity, ensure data reliability, and bring industrial-level control into your research or pilot production, this bioreactor offers an exceptional balance of advanced engineering, user-friendly design, and versatile application.<\/p>","protected":false},"featured_media":1445,"template":"","meta":{"site-sidebar-layout":"default","site-content-layout":"","ast-site-content-layout":"default","site-content-style":"default","site-sidebar-style":"default","ast-global-header-display":"","ast-banner-title-visibility":"","ast-main-header-display":"","ast-hfb-above-header-display":"","ast-hfb-below-header-display":"","ast-hfb-mobile-header-display":"","site-post-title":"","ast-breadcrumbs-content":"","ast-featured-img":"","footer-sml-layout":"","ast-disable-related-posts":"","theme-transparent-header-meta":"default","adv-header-id-meta":"","stick-header-meta":"","header-above-stick-meta":"","header-main-stick-meta":"","header-below-stick-meta":"","astra-migrate-meta-layouts":"set","ast-page-background-enabled":"default","ast-page-background-meta":{"desktop":{"background-color":"","background-image":"","background-repeat":"repeat","background-position":"center center","background-size":"auto","background-attachment":"scroll","background-type":"","background-media":"","overlay-type":"","overlay-color":"","overlay-opacity":"","overlay-gradient":""},"tablet":{"background-color":"","background-image":"","background-repeat":"repeat","background-position":"center center","background-size":"auto","background-attachment":"scroll","background-type":"","background-media":"","overlay-type":"","overlay-color":"","overlay-opacity":"","overlay-gradient":""},"mobile":{"background-color":"","background-image":"","background-repeat":"repeat","background-position":"center center","background-size":"auto","background-attachment":"scroll","background-type":"","background-media":"","overlay-type":"","overlay-color":"","overlay-opacity":"","overlay-gradient":""}},"ast-content-background-meta":{"desktop":{"background-color":"var(--ast-global-color-5)","background-image":"","background-repeat":"repeat","background-position":"center center","background-size":"auto","background-attachment":"scroll","background-type":"","background-media":"","overlay-type":"","overlay-color":"","overlay-opacity":"","overlay-gradient":""},"tablet":{"background-color":"var(--ast-global-color-5)","background-image":"","background-repeat":"repeat","background-position":"center center","background-size":"auto","background-attachment":"scroll","background-type":"","background-media":"","overlay-type":"","overlay-color":"","overlay-opacity":"","overlay-gradient":""},"mobile":{"background-color":"var(--ast-global-color-5)","background-image":"","background-repeat":"repeat","background-position":"center center","background-size":"auto","background-attachment":"scroll","background-type":"","background-media":"","overlay-type":"","overlay-color":"","overlay-opacity":"","overlay-gradient":""}}},"product_brand":[],"product_cat":[21],"product_tag":[],"class_list":{"0":"post-1444","1":"product","2":"type-product","3":"status-publish","4":"has-post-thumbnail","6":"product_cat-glass-lab-bioreactor","7":"desktop-align-left","8":"tablet-align-left","9":"mobile-align-left","11":"first","12":"instock","13":"shipping-taxable","14":"product-type-simple"},"_links":{"self":[{"href":"https:\/\/fermentorchina.com\/es\/wp-json\/wp\/v2\/product\/1444","targetHints":{"allow":["GET"]}}],"collection":[{"href":"https:\/\/fermentorchina.com\/es\/wp-json\/wp\/v2\/product"}],"about":[{"href":"https:\/\/fermentorchina.com\/es\/wp-json\/wp\/v2\/types\/product"}],"version-history":[{"count":3,"href":"https:\/\/fermentorchina.com\/es\/wp-json\/wp\/v2\/product\/1444\/revisions"}],"predecessor-version":[{"id":7253,"href":"https:\/\/fermentorchina.com\/es\/wp-json\/wp\/v2\/product\/1444\/revisions\/7253"}],"wp:featuredmedia":[{"embeddable":true,"href":"https:\/\/fermentorchina.com\/es\/wp-json\/wp\/v2\/media\/1445"}],"wp:attachment":[{"href":"https:\/\/fermentorchina.com\/es\/wp-json\/wp\/v2\/media?parent=1444"}],"wp:term":[{"taxonomy":"product_brand","embeddable":true,"href":"https:\/\/fermentorchina.com\/es\/wp-json\/wp\/v2\/product_brand?post=1444"},{"taxonomy":"product_cat","embeddable":true,"href":"https:\/\/fermentorchina.com\/es\/wp-json\/wp\/v2\/product_cat?post=1444"},{"taxonomy":"product_tag","embeddable":true,"href":"https:\/\/fermentorchina.com\/es\/wp-json\/wp\/v2\/product_tag?post=1444"}],"curies":[{"name":"wp","href":"https:\/\/api.w.org\/{rel}","templated":true}]}}