{"id":1446,"date":"2023-12-24T09:11:16","date_gmt":"2023-12-24T09:11:16","guid":{"rendered":"https:\/\/fermentorchina.com\/?post_type=product&#038;p=1446"},"modified":"2025-11-14T05:44:10","modified_gmt":"2025-11-14T05:44:10","slug":"magnetic-mixing-glass-fermentor","status":"publish","type":"product","link":"https:\/\/fermentorchina.com\/es\/products\/magnetic-mixing-glass-fermentor\/","title":{"rendered":"Fermentador de vidrio mezclador magn\u00e9tico doble de 10 l (tipo gabinete) BLBIO-10GCA-2-H"},"content":{"rendered":"<h2><strong>What is the 10L Double Magnetic Mixing Glass Fermentor (Cabinet Type)?<\/strong><\/h2>\n<p>El<strong> 10L double magnetic mixing glass fermentor (cabinet type)<\/strong>\u00a0is a state-of-the-art laboratory-scale bioreactor system that features a transparent glass tank with a robust stainless steel lid and bottom, integrated magnetic mixing capabilities, and a full-suite Siemens PLC control system, all housed within a sleek, user-friendly cabinet layout.<\/p>\n<p>The system belongs to the BLBIO-XGCA \/ XGJA-2 line to which priority was given in terms of compact, sterilization automation and multi-parameter regulation. It is an intelligent alternative to researchers and production scientists that need a sterile, controlled and customized fermentation environment not burdened with excessive complexity.<\/p>\n<p>It is about time to move a fermenter that knows your process like never before!<\/p>\n<h2><strong>Description for\u00a0<\/strong><strong>10L double magnetic mixing glass fermentor (cabinet type)\u00a0<\/strong><\/h2>\n<p>This is not the bioreactor only a container but a full solution. The <strong>10L double magnetic mixing glass fermentor (cabinet type)<\/strong>\u00a0offers the perfect balance of visibility, automation, and high-performance fermentation. Having a transparent borosilicate glass tank and high-quality magnetic mixing system, it is efficient in its agitation with no contamination threats.<\/p>\n<p>Each 10L tank has the cabinet-style base that incorporates:<\/p>\n<ul>\n<li>Siemens PLC-based touch screen controller (10 or 15 inch)<\/li>\n<li>4 Peristaltic pumps (acid, base, deformer, nutrient feed)<\/li>\n<li>Complete data acquisition and export options<\/li>\n<li>Manual or automated sterilization support<\/li>\n<\/ul>\n<p><strong>The 10L double magnetic mixing glass fermentor (cabinet type)<\/strong> is easy to operate in a day-to-day procedure but yet capable of fermentation processes of a high-end, which will include microbial culture through to mammalian cell culture.<\/p>\n<h2><strong>Key Technical Specifications <\/strong><\/h2>\n<p>Here\u2019s the description specifications reviewed in detail to say that this system is excellent choice applied to various fermentation processes:<\/p>\n<h3>Parameter for <strong>10L Double Magnetic Mixing Glass Fermentor<\/strong><\/h3>\n<table>\n<tbody>\n<tr>\n<td width=\"305\"><strong><b>Par\u00e1metro<\/b><\/strong><\/td>\n<td width=\"1080\"><strong><b>D<\/b><\/strong><strong><b>descripci\u00f3n<\/b><\/strong><\/td>\n<\/tr>\n<tr>\n<td width=\"305\">Volumen total<\/td>\n<td width=\"1080\">5L~30L<\/td>\n<\/tr>\n<tr>\n<td width=\"305\">Volumen de trabajo<\/td>\n<td width=\"1080\">40%~70%<\/td>\n<\/tr>\n<tr>\n<td width=\"305\">Tanque<\/td>\n<td width=\"1080\">Pared de vidrio con tapa y fondo de acero inoxidable, calefacci\u00f3n desde el fondo de la camisa.<\/td>\n<\/tr>\n<tr>\n<td width=\"305\">Sistema de agitaci\u00f3n<\/td>\n<td width=\"1080\">Accionamiento mec\u00e1nico (arriba) o accionamiento magn\u00e9tico (arriba\/abajo), 3 paletas de seis hojas y 1 rompedor de espuma, cada paleta es ajustable en altura.<\/p>\n<p>Velocidad de mezcla: 50~1000rpm\/50-400rpm<\/td>\n<\/tr>\n<tr>\n<td width=\"305\">Esterilizaci\u00f3n<\/td>\n<td width=\"1080\">Esterilizaci\u00f3n in situ (SIP), manual<\/td>\n<\/tr>\n<tr>\n<td width=\"305\">control de gases<\/td>\n<td width=\"1080\">Control por medidor de rotor, caudal de aire 2vvm.<\/td>\n<\/tr>\n<tr>\n<td width=\"305\">Alimentaci\u00f3n<\/td>\n<td width=\"1080\">Alimentaci\u00f3n autom\u00e1tica mediante bomba perist\u00e1ltica.<\/td>\n<\/tr>\n<tr>\n<td width=\"305\">Control antiespumante<\/td>\n<td width=\"1080\">Agregue antiespumante autom\u00e1ticamente mediante bomba perist\u00e1ltica<\/td>\n<\/tr>\n<tr>\n<td width=\"305\">Control de temperatura<\/td>\n<td width=\"1080\">Control autom\u00e1tico por programa, la fuente de agua del rango de calefacci\u00f3n el\u00e9ctrica agrega 5 \u2103 a 70 \u2103<\/td>\n<\/tr>\n<tr>\n<td width=\"305\">control de ph<\/td>\n<td width=\"1080\">PH 2,00-12,00\u00b10,1, control autom\u00e1tico de adici\u00f3n de \u00e1cido\/base mediante bomba perist\u00e1ltica, sensor de pH de Hamilton\/Mettler, Suiza.<\/td>\n<\/tr>\n<tr>\n<td width=\"305\">HACER control<\/td>\n<td width=\"1080\">0-150\u00b13% que muestra una precisi\u00f3n de 0,1%, sensor de OD de Hamilton\/Mettler, Suiza. HACER acoplamiento con agitaci\u00f3n, ox\u00edgeno.<\/td>\n<\/tr>\n<tr>\n<td width=\"305\">Muestreo<\/td>\n<td width=\"1080\">Muestreo manual<\/td>\n<\/tr>\n<tr>\n<td width=\"305\">Par\u00e1metros de control<\/td>\n<td width=\"1080\">Pantalla t\u00e1ctil de 10 o 15 pulgadas, PLC Siemens con par\u00e1metros de control (agitaci\u00f3n, pH, OD, temperatura, alimentaci\u00f3n, alarma, gas, etc.), an\u00e1lisis de datos, registro de datos, salida de datos, idioma (RU\/EN\/CN) y otros personalizados. funciones<\/td>\n<\/tr>\n<tr>\n<td width=\"305\">Configuraci\u00f3n opcional<\/td>\n<td width=\"1080\">Control remoto, medidor de flujo m\u00e1sico (gas de control autom\u00e1tico), O2\/N2\/CO2, an\u00e1lisis de escape de gas (CO2), sensor de nivel, sensor de turbidez (OD), sensor ORP, sistema de pesaje, sensor de celda viva (biomasa), impresi\u00f3n, Siemens pantalla t\u00e1ctil, etc<\/td>\n<\/tr>\n<\/tbody>\n<\/table>\n<p>The execution of the tank permits excellent visibility of the fermentation mechanism, as well as durability and simple cleaning ology, because it is made of stainless steel.<\/p>\n<h3><strong>Sistema de agitaci\u00f3n <\/strong><\/h3>\n<p>Do you need high-performance mixing that avoids contamination?<\/p>\n<p>El <strong>10L double magnetic mixing glass fermentor (cabinet type)<\/strong>\u00a0is designed with dual stirring options:<\/p>\n<ul>\n<li>Top mechanical drive<\/li>\n<li>Bottom magnetic drive<\/li>\n<\/ul>\n<p>Each vessel contains:<\/p>\n<ul>\n<li>3 six-blade paddles for thorough mixing<\/li>\n<li>1 foam breaker to reduce surface tension<\/li>\n<li>Adjustable paddle height for customized agitation<\/li>\n<\/ul>\n<table>\n<tbody>\n<tr>\n<td><strong><b>Stirring Type<\/b><\/strong><\/td>\n<td><strong><b>Speed Range<\/b><\/strong><\/td>\n<\/tr>\n<tr>\n<td>Mechanical<\/td>\n<td>50 \u2013 1000 rpm<\/td>\n<\/tr>\n<tr>\n<td>Magnetic<\/td>\n<td>50 \u2013 400 rpm<\/td>\n<\/tr>\n<\/tbody>\n<\/table>\n<p>Whether you&#8217;re growing shear-sensitive mammalian cells or robust microbial cultures, this system provides the flexibility you need.<\/p>\n<h3><strong>Esterilizaci\u00f3n <\/strong><\/h3>\n<p>This model supports Sterilization-In-Place (SIP) with manual operation, making it perfect for clean labs and research centers. It is also quick, efficient and provides every run with a sterile start.<\/p>\n<h3><strong>Gas Flow and Foam Control <\/strong><\/h3>\n<p>Why should foaming and hydrolytic bad gas exchange destroy your cultures?<\/p>\n<ul>\n<li>Oxygen supply is also efficient since the airflow is controlled with a rotor meter that has a range of 12 vvm.<\/li>\n<li>Foam control is automatic using peristaltic pumps that add antifoam as necessary: no manual control following is needed.<\/li>\n<\/ul>\n<p>This facilitates in presence of stable environment particularly when growing organisms of high density or those which are sensitive to foam.<\/p>\n<h3><strong>Feeding System <\/strong><\/h3>\n<p>Forget manual feeding protocols. This fermenter includes:<\/p>\n<ul>\n<li>Acid, base, nutrient feed and antifoam on four peristaltic pumps mounted at the control cabinet.<\/li>\n<li>Real time rate adjustment through automated program control according to culture needs.<\/li>\n<\/ul>\n<p>This provides the consistency of nutrient addition to allow greater and more productive fermentation runs.<\/p>\n<h3><strong>Temperature Control <\/strong><\/h3>\n<p>This fermenter uses a source of water in the electric heating process to achieve temperatures that range between:<\/p>\n<ul>\n<li>5\u00b0C to 70\u00b0C<\/li>\n<\/ul>\n<p>It is superb to grow thermophilic and mesophilic organisms and you have the luxury of more experimentation across the biologic horizon.<\/p>\n<h4><strong><em><i>Advanced pH and DO Control<\/i><\/em><\/strong><\/h4>\n<p>Maintaining the right environment is key to successful fermentation. That\u2019s why this fermenter uses industry-standard sensors:<\/p>\n<ul>\n<li>pH range: 2.00\u201312.00 \u00b1 0.1<\/li>\n<li>DO range: 0\u2013150 \u00b1 3%, with 0.1% resolution<\/li>\n<\/ul>\n<p>High-End Sensors Included:<\/p>\n<ul>\n<li>Hamilton or Mettle-Toledo, Switzerland<\/li>\n<li>Real-time coupling of DO with agitation and oxygen supply<\/li>\n<li>Automated acid\/base addition for pH stabilization<\/li>\n<\/ul>\n<p>Are you working with pH-sensitive cultures or oxygen-hungry cells? This system is ready to adapt.<\/p>\n<h3><strong>Sampling &amp; Monitoring<\/strong><\/h3>\n<p>The extraction of media occurs simply and safely, because of the use of manual sampling ports, which do not jeopardize sterility. This would be ideal to spot-check biomass, pH or metabolite during fermentation process.<\/p>\n<h3><strong>Siemens PLC-Based Intelligent Control System<\/strong><\/h3>\n<p>Do you want full control at your fingertips?<\/p>\n<p>It comes with a 10 or 15-inch touch screen interface driven by Siemens PLC; users can monitor and manage:<\/p>\n<ul>\n<li>Stirring speed<\/li>\n<li>pH and DO levels<\/li>\n<li>Feeding operations<\/li>\n<li>Foam control<\/li>\n<li>Temperatura<\/li>\n<li>Alarm functions<\/li>\n<li>Languages supported: English, Russian, Chinese<\/li>\n<\/ul>\n<p>The system also provides:<\/p>\n<ul>\n<li>Real-time data visualization<\/li>\n<li>Data recording and export<\/li>\n<li>Easy USB or network integration<\/li>\n<li>Optional PC-based control for remote operation<\/li>\n<\/ul>\n<p>All this is user friendly even to those who are first time users.<\/p>\n<h2><strong>Optional Configurations for Customization<\/strong><\/h2>\n<p>Want more from your system? Add extra capabilities with:<\/p>\n<ul>\n<li>Remote control modules<\/li>\n<li>Automatic mass flow meters (O2\/N2\/CO2)<\/li>\n<li>Gas exhaust CO\u2082 analysis<\/li>\n<li>Turbidity sensors for optical density<\/li>\n<li>ORP sensors for redox potential<\/li>\n<li>Biomass sensors (live cell monitoring)<\/li>\n<li>Weight-based feed system<\/li>\n<li>Onboard printing and data logging<\/li>\n<li>Upgraded Siemens touch screens<\/li>\n<\/ul>\n<p>Let us tailor the fermenter to your application needs.<\/p>\n<h2><strong>Applications of the 10L Double Magnetic Mixing Glass Fermenter (Cabinet Type)<\/strong><\/h2>\n<p>So, who is this system for?<\/p>\n<p>This versatile fermenter is constructed to handle a sizeable variety of applications in research, manufacturing and education:<\/p>\n<h3><strong>Producci\u00f3n de vacunas<\/strong><\/h3>\n<ul>\n<li><strong>Veterinary:<\/strong>Avian influenza, PRRS, Rabies, Foot-and-mouth disease<\/li>\n<li><strong>Human:<\/strong>Hepatitis B, Tetanus, Diphtheria, Meningitis<\/li>\n<\/ul>\n<h3><strong>Cell &amp; Microbial Cultures<\/strong><\/h3>\n<p>Mammalian cells: CHO, HEK293<\/p>\n<ul>\n<li>Yeast &amp; Fungi<\/li>\n<li>Algae &amp; Plant cells<\/li>\n<\/ul>\n<h3><strong>Biotech Research<\/strong><\/h3>\n<ul>\n<li>Producci\u00f3n de enzimas<\/li>\n<li>Antibi\u00f3ticos<\/li>\n<li>Protein expression<\/li>\n<\/ul>\n<h3><strong>Academic Research<\/strong><\/h3>\n<ul>\n<li>Molecular biology<\/li>\n<li>Synthetic biology<\/li>\n<li>Biochemical engineering<\/li>\n<\/ul>\n<p>Are you the one who has been on the lookout of a single fermenter? It might be your final one for small scale bioprocessing.<\/p>\n<h2><strong>Conclusi\u00f3n<\/strong><\/h2>\n<p>El <strong>10L double magnetic mixing glass fermentor (cabinet type)<\/strong>\u00a0isn\u2019t just another piece of equipment, it\u2019s a complete fermentation solution. Its intelligent architecture, strong material construction, highly automated functions and easy customization possibilities are just ideal to go with any serious lab into bioprocessing.<\/p>\n<p><strong><em>Why go less when you can gain maximum control, scalability and performance at a single system? To obtain a quote, go to the website <\/em><\/strong><a href=\"https:\/\/fermentorchina.com\/es\/\"><strong><em>Biograf\u00eda de BaiLun<\/em><\/strong><\/a><strong><em>\u00a0and quote today. Our team can bring you the model that you need &#8211; plug-and-play or customized to the full extent.<\/em><\/strong><\/p>\n<h2><strong>Frequently Asked Questions (FAQs)<\/strong><\/h2>\n<p><strong>Q1: Can the system operate automatically?<\/strong><\/p>\n<p>Yes. The system is programmable and can run on fully automatic basis, relation to feeding, temperature control, pH and DO control as well as foam control.<\/p>\n<p><strong>Q2: Is it suitable for shear-sensitive cells?<\/strong><\/p>\n<p>Yes. The magnetic stirring device can provide a gentle mixing which is applicable in handling delicate cell culture (mammalian and insect).<\/p>\n<p><strong>Q3: What are the sterilization methods?<\/strong><\/p>\n<p>This fermenter supports in-situ sterilization (SIP), which is done manually using standard lab protocols.<\/p>\n<p><strong>Q4: Can I upgrade later?<\/strong><\/p>\n<p>Absolutely! The system is modular. It is possible to configure it in the simplest way, and introduce the sensors, automatization, or remote control later.<\/p>\n<p><strong>Q5: How much space does it take?<\/strong><\/p>\n<p>The cabinet-type design has low footprint and all the system can fit in a regular lab scenario.<\/p>","protected":false},"excerpt":{"rendered":"<p>Do you want a smaller, but more capable wonky killing system which aids to research, accurate cell culture and stress-free control? Whether you&#8217;re in the field of biotechnology, pharmaceuticals, education, or microbiology, the <strong>10L double magnetic mixing glass fermentor (cabinet type)<\/strong>\u00a0is engineered to elevate your lab\u2019s fermentation capabilities with intelligent control, magnetic mixing technology, and sleek integration.<\/p>\n<p>This machine is designed by the <a href=\"https:\/\/fermentorchina.com\/es\/\"><u>Biograf\u00eda de BaiLun<\/u><\/a>\u00a0to fulfill the growing requirements of the contemporary laboratories and works enable users to perform the batch, fed-batch or continuous cultures with outstanding clarity, safety and accuracy.<\/p>\n<p>What then is special about this fermenter in this already saturated market? Let\u2019s explore<\/p>","protected":false},"featured_media":6464,"template":"","meta":{"site-sidebar-layout":"default","site-content-layout":"","ast-site-content-layout":"default","site-content-style":"default","site-sidebar-style":"default","ast-global-header-display":"","ast-banner-title-visibility":"","ast-main-header-display":"","ast-hfb-above-header-display":"","ast-hfb-below-header-display":"","ast-hfb-mobile-header-display":"","site-post-title":"","ast-breadcrumbs-content":"","ast-featured-img":"","footer-sml-layout":"","ast-disable-related-posts":"","theme-transparent-header-meta":"default","adv-header-id-meta":"","stick-header-meta":"","header-above-stick-meta":"","header-main-stick-meta":"","header-below-stick-meta":"","astra-migrate-meta-layouts":"set","ast-page-background-enabled":"default","ast-page-background-meta":{"desktop":{"background-color":"","background-image":"","background-repeat":"repeat","background-position":"center center","background-size":"auto","background-attachment":"scroll","background-type":"","background-media":"","overlay-type":"","overlay-color":"","overlay-opacity":"","overlay-gradient":""},"tablet":{"background-color":"","background-image":"","background-repeat":"repeat","background-position":"center center","background-size":"auto","background-attachment":"scroll","background-type":"","background-media":"","overlay-type":"","overlay-color":"","overlay-opacity":"","overlay-gradient":""},"mobile":{"background-color":"","background-image":"","background-repeat":"repeat","background-position":"center center","background-size":"auto","background-attachment":"scroll","background-type":"","background-media":"","overlay-type":"","overlay-color":"","overlay-opacity":"","overlay-gradient":""}},"ast-content-background-meta":{"desktop":{"background-color":"var(--ast-global-color-5)","background-image":"","background-repeat":"repeat","background-position":"center center","background-size":"auto","background-attachment":"scroll","background-type":"","background-media":"","overlay-type":"","overlay-color":"","overlay-opacity":"","overlay-gradient":""},"tablet":{"background-color":"var(--ast-global-color-5)","background-image":"","background-repeat":"repeat","background-position":"center center","background-size":"auto","background-attachment":"scroll","background-type":"","background-media":"","overlay-type":"","overlay-color":"","overlay-opacity":"","overlay-gradient":""},"mobile":{"background-color":"var(--ast-global-color-5)","background-image":"","background-repeat":"repeat","background-position":"center center","background-size":"auto","background-attachment":"scroll","background-type":"","background-media":"","overlay-type":"","overlay-color":"","overlay-opacity":"","overlay-gradient":""}}},"product_brand":[],"product_cat":[21],"product_tag":[],"class_list":{"0":"post-1446","1":"product","2":"type-product","3":"status-publish","4":"has-post-thumbnail","6":"product_cat-glass-lab-bioreactor","7":"desktop-align-left","8":"tablet-align-left","9":"mobile-align-left","11":"first","12":"instock","13":"shipping-taxable","14":"product-type-simple"},"_links":{"self":[{"href":"https:\/\/fermentorchina.com\/es\/wp-json\/wp\/v2\/product\/1446","targetHints":{"allow":["GET"]}}],"collection":[{"href":"https:\/\/fermentorchina.com\/es\/wp-json\/wp\/v2\/product"}],"about":[{"href":"https:\/\/fermentorchina.com\/es\/wp-json\/wp\/v2\/types\/product"}],"version-history":[{"count":4,"href":"https:\/\/fermentorchina.com\/es\/wp-json\/wp\/v2\/product\/1446\/revisions"}],"predecessor-version":[{"id":6606,"href":"https:\/\/fermentorchina.com\/es\/wp-json\/wp\/v2\/product\/1446\/revisions\/6606"}],"wp:featuredmedia":[{"embeddable":true,"href":"https:\/\/fermentorchina.com\/es\/wp-json\/wp\/v2\/media\/6464"}],"wp:attachment":[{"href":"https:\/\/fermentorchina.com\/es\/wp-json\/wp\/v2\/media?parent=1446"}],"wp:term":[{"taxonomy":"product_brand","embeddable":true,"href":"https:\/\/fermentorchina.com\/es\/wp-json\/wp\/v2\/product_brand?post=1446"},{"taxonomy":"product_cat","embeddable":true,"href":"https:\/\/fermentorchina.com\/es\/wp-json\/wp\/v2\/product_cat?post=1446"},{"taxonomy":"product_tag","embeddable":true,"href":"https:\/\/fermentorchina.com\/es\/wp-json\/wp\/v2\/product_tag?post=1446"}],"curies":[{"name":"wp","href":"https:\/\/api.w.org\/{rel}","templated":true}]}}