{"id":1585,"date":"2023-12-27T03:26:53","date_gmt":"2023-12-27T03:26:53","guid":{"rendered":"https:\/\/fermentorchina.com\/?post_type=product&#038;p=1585"},"modified":"2025-11-14T06:57:28","modified_gmt":"2025-11-14T06:57:28","slug":"double-single-wall-glass-bioreactor","status":"publish","type":"product","link":"https:\/\/fermentorchina.com\/es\/products\/double-single-wall-glass-bioreactor\/","title":{"rendered":"5L Double Single-wall Glass Bioreactor BLBIO-5GJG-2"},"content":{"rendered":"<p><span style=\"font-weight: 400;\">Si planea invertir en un biorreactor potente para su investigaci\u00f3n y para optimizar su proceso de fermentaci\u00f3n industrial, est\u00e1 en el lugar correcto. Es un biorreactor de alta calidad. <\/span>biorreactor de vidrio de pared simple doble <span style=\"font-weight: 400;\">BLBIO-5GJG-2 ideal para industrias, laboratorios y l\u00edneas de producci\u00f3n que requieren precisi\u00f3n, durabilidad y productividad.\u00a0<\/span><\/p>\n<p><span style=\"font-weight: 400;\">Este sistema de biorreactor de vidrio de pared simple doble es de \u00faltima generaci\u00f3n y permite controlar f\u00e1cilmente el cultivo microbiano y celular en el proceso para aumentar la eficiencia y la productividad.<\/span><\/p>\n<h2><b>\u00bfPor qu\u00e9 elegir el biorreactor de vidrio de pared simple doble de 10L?<\/b><\/h2>\n<p><span style=\"font-weight: 400;\">La selecci\u00f3n adecuada del biorreactor es esencial para facilitar una fermentaci\u00f3n eficiente y de alta calidad, as\u00ed como un proceso de crecimiento. <\/span>biorreactor de vidrio de pared simple doble <span style=\"font-weight: 400;\">El modelo BLBIO-5GJG-2 fue creado para adaptarse a todos los requisitos de la industria moderna para convertirse en l\u00edder en el campo de la biotecnolog\u00eda y la investigaci\u00f3n farmac\u00e9utica.<\/span><\/p>\n<h2><b>Caracter\u00edsticas y beneficios clave<\/b><\/h2>\n<h3><b>1. Dise\u00f1o de vidrio de doble pared simple para m\u00e1xima versatilidad<\/b><\/h3>\n<p><span style=\"font-weight: 400;\">El dise\u00f1o de la <\/span>biorreactor de vidrio de pared simple doble<span style=\"font-weight: 400;\"> Ofrece una excelente gesti\u00f3n de la temperatura y un excelente intercambio de calor. Este dise\u00f1o \u00fanico permite un funcionamiento constante tanto en fermentaciones aer\u00f3bicas como anaer\u00f3bicas.<\/span><\/p>\n<h3><b>2. Volumen de trabajo de 10 l para operaciones escalables<\/b><\/h3>\n<p><span style=\"font-weight: 400;\">Este recipiente tiene un volumen de trabajo de diez litros, por lo que es ideal para realizar experimentos y actividades de producci\u00f3n a peque\u00f1a escala, ya que es f\u00e1cil ampliar su capacidad. Este tama\u00f1o permite diversos experimentos y prototipos de procesos de producci\u00f3n, as\u00ed como una escalabilidad fluida a mayores vol\u00famenes de producci\u00f3n, si fuera necesario.\u00a0<\/span><\/p>\n<p><span style=\"font-weight: 400;\">Este dise\u00f1o compacto y el tama\u00f1o relativamente bajo del biorreactor ser\u00e1n beneficiosos para los laboratorios de investigaci\u00f3n que quieran realizar experimentos sin preocuparse por el tama\u00f1o y el espacio ocupado por el equipo y, adem\u00e1s, tienen potencial para mejoras y crecimiento futuros.<\/span><\/p>\n<h3><b>3. Sistema de control avanzado para monitoreo de precisi\u00f3n<\/b><\/h3>\n<p><span style=\"font-weight: 400;\">El dispositivo cuenta con un panel de control t\u00e1ctil que permite monitorear simult\u00e1neamente varios par\u00e1metros principales. Estos pueden incluir:<\/span><\/p>\n<ul>\n<li style=\"font-weight: 400;\" aria-level=\"1\"><span style=\"font-weight: 400;\">niveles de pH<\/span><\/li>\n<li style=\"font-weight: 400;\" aria-level=\"1\"><span style=\"font-weight: 400;\">Temperatura<\/span><\/li>\n<li style=\"font-weight: 400;\" aria-level=\"1\"><span style=\"font-weight: 400;\">ox\u00edgeno disuelto<\/span><\/li>\n<li style=\"font-weight: 400;\" aria-level=\"1\"><span style=\"font-weight: 400;\">Velocidad de agitaci\u00f3n<\/span><\/li>\n<\/ul>\n<p><span style=\"font-weight: 400;\">Esto crea un entorno estable y \u00f3ptimo en el que los microorganismos pueden prosperar y producir diversos productos. El panel de control t\u00e1ctil permite un f\u00e1cil control y est\u00e1 dise\u00f1ado para que el usuario pueda cambiar f\u00e1cilmente la configuraci\u00f3n del equipo.<\/span><\/p>\n<h3><b>4. Vidrio de borosilicato de alta calidad para resistencia qu\u00edmica<\/b><\/h3>\n<p><span style=\"font-weight: 400;\">Este biorreactor de nueva generaci\u00f3n est\u00e1 fabricado con vidrio de borosilicato de alta calidad, que es m\u00e1s resistente a los ataques qu\u00edmicos y a las altas temperaturas, lo que lo hace mucho m\u00e1s robusto que los modelos anteriores. Los materiales y la construcci\u00f3n empleados en su fabricaci\u00f3n le permiten funcionar en condiciones muy exigentes, por lo que es ideal para instalaciones de investigaci\u00f3n complejas e industrias que requieren biorreactores de larga duraci\u00f3n.<\/span><\/p>\n<h3><b>5. Dise\u00f1o modular para personalizaci\u00f3n<\/b><\/h3>\n<p><span style=\"font-weight: 400;\">Se ha descubierto que los 10L <\/span>biorreactor de vidrio de pared simple doble<span style=\"font-weight: 400;\"> Se puede equipar con varios accesorios, incluidos:<\/span><\/p>\n<ul>\n<li style=\"font-weight: 400;\" aria-level=\"1\"><span style=\"font-weight: 400;\">Sondas y sensores adicionales<\/span><\/li>\n<li style=\"font-weight: 400;\" aria-level=\"1\"><span style=\"font-weight: 400;\">Impulsores y sus caracter\u00edsticas para una mejor mezcla<\/span><\/li>\n<li style=\"font-weight: 400;\" aria-level=\"1\"><span style=\"font-weight: 400;\">Sistemas de inyecci\u00f3n de gas en la producci\u00f3n animal para mejorar la aireaci\u00f3n<\/span><\/li>\n<\/ul>\n<h3><b>6. F\u00e1cil limpieza y esterilizaci\u00f3n<\/b><\/h3>\n<p><span style=\"font-weight: 400;\">Se puede desmontar f\u00e1cilmente para facilitar el proceso de limpieza y esterilizaci\u00f3n, lo cual constituye una gran ventaja de este equipo. Adem\u00e1s, sus componentes autoclavables contribuyen significativamente a un proceso de esterilizaci\u00f3n r\u00e1pido y eficaz. Esto es especialmente importante, ya que permite un ahorro considerable de tiempo en la limpieza y esterilizaci\u00f3n, lo que elimina la propagaci\u00f3n de infecciones en las instalaciones.\u00a0<\/span><\/p>\n<p><span style=\"font-weight: 400;\">De hecho, la integraci\u00f3n de los conceptos de componentes desmontables y propiedades autoclavables no s\u00f3lo facilita la gesti\u00f3n de las tareas de mantenimiento, sino que tambi\u00e9n mejora el control de infecciones, lo que hace que el equipo sea valioso para la protecci\u00f3n de la salud del paciente y del personal.<\/span><\/p>\n<h2><b>Aplicaciones del biorreactor de vidrio de doble pared simple BLBIO-5GJG-2\u00a0<\/b><\/h2>\n<p><span style=\"font-weight: 400;\">La mayor\u00eda de las personas desean saber d\u00f3nde pueden aplicar este producto \u00fanico tambi\u00e9n conocido como <\/span>biorreactor de vidrio de pared simple y doble<span style=\"font-weight: 400;\">Es aplicable en muchas \u00e1reas de uso como:<\/span><\/p>\n<ul>\n<li style=\"font-weight: 400;\" aria-level=\"1\"><b>Investigaci\u00f3n farmac\u00e9utica \u2013<\/b><span style=\"font-weight: 400;\"> Especialmente adecuado para el procesamiento de antibi\u00f3ticos, vacunas y enzimas.<\/span><\/li>\n<li style=\"font-weight: 400;\" aria-level=\"1\"><b>Biotecnolog\u00eda y Bioingenier\u00eda \u2013 <\/b><span style=\"font-weight: 400;\">Favorece la fermentaci\u00f3n de bacterias, levaduras y hongos.<\/span><\/li>\n<li style=\"font-weight: 400;\" aria-level=\"1\"><b>Industria de alimentos y bebidas \u2013<\/b><span style=\"font-weight: 400;\"> Se utiliza b\u00e1sicamente en elaboraci\u00f3n de cerveza, productos l\u00e1cteos fermentados y enzimas.<\/span><\/li>\n<li style=\"font-weight: 400;\" aria-level=\"1\"><b>Biotecnolog\u00eda agr\u00edcola \u2013 <\/b><span style=\"font-weight: 400;\">Se utiliza para el cultivo de c\u00e9lulas vegetales y la producci\u00f3n de biofertilizantes.<\/span><\/li>\n<\/ul>\n<h2><b>\u00bfC\u00f3mo funciona el biorreactor de vidrio de doble pared simple?<\/b><\/h2>\n<p><span style=\"font-weight: 400;\">\u00bfTe interesa saber c\u00f3mo funciona este innovador biorreactor? Funciona de tal manera que... <\/span>biorreactor de vidrio de pared simple doble <span style=\"font-weight: 400;\">BLBIO-5GJG-2 crea un entorno que complementa la reacci\u00f3n biol\u00f3gica mediante el crecimiento de microorganismos o c\u00e9lulas en el sistema. A continuaci\u00f3n, se detallan los pasos para su realizaci\u00f3n:<\/span><\/p>\n<ul>\n<li style=\"font-weight: 400;\" aria-level=\"1\"><b>Esterilizaci\u00f3n y preparaci\u00f3n \u2013 <\/b><span style=\"font-weight: 400;\">Se esteriliza el sistema y se introducen los medios y nutrientes necesarios para el crecimiento de los cultivos.<\/span><\/li>\n<li style=\"font-weight: 400;\" aria-level=\"1\"><b>Inoculaci\u00f3n \u2013 <\/b><span style=\"font-weight: 400;\">El microorganismo o l\u00ednea celular elegido se cultiva en el biorreactor.<\/span><\/li>\n<li style=\"font-weight: 400;\" aria-level=\"1\"><b>Crecimiento y fermentaci\u00f3n \u2013 <\/b><span style=\"font-weight: 400;\">El sistema es autom\u00e1tico para controlar el pH, la temperatura y el nivel de ox\u00edgeno de la soluci\u00f3n con el fin de apoyar el crecimiento de las c\u00e9lulas.<\/span><\/li>\n<li style=\"font-weight: 400;\" aria-level=\"1\"><b>Cosecha \u2013 <\/b><span style=\"font-weight: 400;\">El producto final se recoge para su procesamiento para separarlo de la biomasa vegetal y prepararlo para sus usos posteriores.<\/span><\/li>\n<\/ul>\n<h2><b>\u00a1Compre ahora nuestro biorreactor de vidrio de pared simple doble de 10L!<\/b><\/h2>\n<p><span style=\"font-weight: 400;\">\u00bfEs hora de que usted mejore su proceso de fermentaci\u00f3n utilizando la innovaci\u00f3n m\u00e1s reciente conocida como <\/span>biorreactor de vidrio de pared simple doble<span style=\"font-weight: 400;\">El BLBIO-5GJG-2 es un producto perfecto para laboratorios o industrias que requieren alta precisi\u00f3n, productividad y capacidad de expansi\u00f3n.<\/span><\/p>\n<p><span style=\"font-weight: 400;\">Vaya a continuaci\u00f3n para completar el formulario de pedido y obtener una cotizaci\u00f3n para mejorar a\u00fan m\u00e1s su investigaci\u00f3n.<\/span><\/p>\n<h2><b>Preguntas frecuentes<\/b><\/h2>\n<ol>\n<li><b>\u00bfQu\u00e9 hace que el BLBIO-5GJG-2 sea diferente de otros biorreactores?<\/b><\/li>\n<\/ol>\n<p><span style=\"font-weight: 400;\">Este <\/span>biorreactor de vidrio de pared simple doble<span style=\"font-weight: 400;\">\u00a0 Est\u00e1 dise\u00f1ado para tener un control preciso y resistencia qu\u00edmica y puede adaptarse seg\u00fan las necesidades del usuario para uso en investigaci\u00f3n as\u00ed como para fines industriales.<\/span><\/p>\n<ol start=\"2\">\n<li><b> \u00bfEste biorreactor es adecuado para la fermentaci\u00f3n anaer\u00f3bica?<\/b><\/li>\n<\/ol>\n<p><span style=\"font-weight: 400;\">\u00a1S\u00ed! El sistema permite realizar tanto la fermentaci\u00f3n aer\u00f3bica como la anaer\u00f3bica, lo cual es una ventaja para diferentes necesidades de bioprocesamiento.<\/span><\/p>\n<ol start=\"3\">\n<li><b> \u00bfC\u00f3mo se mantiene la temperatura en el biorreactor?<\/b><\/li>\n<\/ol>\n<p><span style=\"font-weight: 400;\">Gracias a los vidrios de pared simple doble, el biorreactor tiene un mejor control del calor, para no perder calor y mantener condiciones estables durante la fermentaci\u00f3n.<\/span><\/p>\n<ol start=\"4\">\n<li><b> \u00bfQu\u00e9 industrias son las m\u00e1s adecuadas para este tipo de biorreactor?<\/b><\/li>\n<\/ol>\n<p><span style=\"font-weight: 400;\">Industrias como la farmac\u00e9utica, la biotecnol\u00f3gica, la de alimentos y bebidas y la agr\u00edcola se benefician significativamente de sus caracter\u00edsticas avanzadas y su rendimiento confiable.<\/span><\/p>","protected":false},"excerpt":{"rendered":"<p><strong>Biorreactor de vidrio de pared simple doble de 10 l \u2013 BLBIO-5GJG-2<\/strong><\/p>\n<p>Mejore sus procesos de fermentaci\u00f3n e investigaci\u00f3n con el biorreactor de vidrio de doble pared simple BLBIO-5GJG-2 de 10 L. Dise\u00f1ado para ofrecer precisi\u00f3n, eficiencia y escalabilidad, este biorreactor ofrece un control de temperatura superior, una construcci\u00f3n de vidrio de borosilicato de alta calidad y un sistema de control avanzado para monitorear el pH, la temperatura, el ox\u00edgeno disuelto y la velocidad de agitaci\u00f3n. Su dise\u00f1o modular permite la personalizaci\u00f3n con sensores e impulsores adicionales, lo que lo hace ideal para la investigaci\u00f3n farmac\u00e9utica, la biotecnolog\u00eda, la alimentaci\u00f3n y bebidas, y aplicaciones agr\u00edcolas. F\u00e1cil de limpiar y esterilizar, este vers\u00e1til biorreactor garantiza un rendimiento \u00f3ptimo tanto para la fermentaci\u00f3n aer\u00f3bica como anaer\u00f3bica.<\/p>\n<p>Actualice su bioprocesamiento hoy \u2013 <a href=\"https:\/\/fermentorchina.com\/es\/contact-us\/\" target=\"_blank\" rel=\"noopener\">Cont\u00e1ctenos<\/a> \u00a1para una cotizaci\u00f3n!<\/p>","protected":false},"featured_media":1586,"template":"","meta":{"site-sidebar-layout":"default","site-content-layout":"","ast-site-content-layout":"default","site-content-style":"default","site-sidebar-style":"default","ast-global-header-display":"","ast-banner-title-visibility":"","ast-main-header-display":"","ast-hfb-above-header-display":"","ast-hfb-below-header-display":"","ast-hfb-mobile-header-display":"","site-post-title":"","ast-breadcrumbs-content":"","ast-featured-img":"","footer-sml-layout":"","ast-disable-related-posts":"","theme-transparent-header-meta":"default","adv-header-id-meta":"","stick-header-meta":"","header-above-stick-meta":"","header-main-stick-meta":"","header-below-stick-meta":"","astra-migrate-meta-layouts":"set","ast-page-background-enabled":"default","ast-page-background-meta":{"desktop":{"background-color":"","background-image":"","background-repeat":"repeat","background-position":"center center","background-size":"auto","background-attachment":"scroll","background-type":"","background-media":"","overlay-type":"","overlay-color":"","overlay-opacity":"","overlay-gradient":""},"tablet":{"background-color":"","background-image":"","background-repeat":"repeat","background-position":"center center","background-size":"auto","background-attachment":"scroll","background-type":"","background-media":"","overlay-type":"","overlay-color":"","overlay-opacity":"","overlay-gradient":""},"mobile":{"background-color":"","background-image":"","background-repeat":"repeat","background-position":"center center","background-size":"auto","background-attachment":"scroll","background-type":"","background-media":"","overlay-type":"","overlay-color":"","overlay-opacity":"","overlay-gradient":""}},"ast-content-background-meta":{"desktop":{"background-color":"var(--ast-global-color-5)","background-image":"","background-repeat":"repeat","background-position":"center center","background-size":"auto","background-attachment":"scroll","background-type":"","background-media":"","overlay-type":"","overlay-color":"","overlay-opacity":"","overlay-gradient":""},"tablet":{"background-color":"var(--ast-global-color-5)","background-image":"","background-repeat":"repeat","background-position":"center center","background-size":"auto","background-attachment":"scroll","background-type":"","background-media":"","overlay-type":"","overlay-color":"","overlay-opacity":"","overlay-gradient":""},"mobile":{"background-color":"var(--ast-global-color-5)","background-image":"","background-repeat":"repeat","background-position":"center center","background-size":"auto","background-attachment":"scroll","background-type":"","background-media":"","overlay-type":"","overlay-color":"","overlay-opacity":"","overlay-gradient":""}}},"product_brand":[],"product_cat":[21],"product_tag":[],"class_list":{"0":"post-1585","1":"product","2":"type-product","3":"status-publish","4":"has-post-thumbnail","6":"product_cat-glass-lab-bioreactor","7":"desktop-align-left","8":"tablet-align-left","9":"mobile-align-left","11":"first","12":"instock","13":"shipping-taxable","14":"product-type-simple"},"_links":{"self":[{"href":"https:\/\/fermentorchina.com\/es\/wp-json\/wp\/v2\/product\/1585","targetHints":{"allow":["GET"]}}],"collection":[{"href":"https:\/\/fermentorchina.com\/es\/wp-json\/wp\/v2\/product"}],"about":[{"href":"https:\/\/fermentorchina.com\/es\/wp-json\/wp\/v2\/types\/product"}],"version-history":[{"count":4,"href":"https:\/\/fermentorchina.com\/es\/wp-json\/wp\/v2\/product\/1585\/revisions"}],"predecessor-version":[{"id":7293,"href":"https:\/\/fermentorchina.com\/es\/wp-json\/wp\/v2\/product\/1585\/revisions\/7293"}],"wp:featuredmedia":[{"embeddable":true,"href":"https:\/\/fermentorchina.com\/es\/wp-json\/wp\/v2\/media\/1586"}],"wp:attachment":[{"href":"https:\/\/fermentorchina.com\/es\/wp-json\/wp\/v2\/media?parent=1585"}],"wp:term":[{"taxonomy":"product_brand","embeddable":true,"href":"https:\/\/fermentorchina.com\/es\/wp-json\/wp\/v2\/product_brand?post=1585"},{"taxonomy":"product_cat","embeddable":true,"href":"https:\/\/fermentorchina.com\/es\/wp-json\/wp\/v2\/product_cat?post=1585"},{"taxonomy":"product_tag","embeddable":true,"href":"https:\/\/fermentorchina.com\/es\/wp-json\/wp\/v2\/product_tag?post=1585"}],"curies":[{"name":"wp","href":"https:\/\/api.w.org\/{rel}","templated":true}]}}