{"id":3261,"date":"2024-03-06T08:11:33","date_gmt":"2024-03-06T08:11:33","guid":{"rendered":"https:\/\/fermentorchina.com\/?post_type=product&#038;p=3261"},"modified":"2025-07-07T08:05:24","modified_gmt":"2025-07-07T08:05:24","slug":"high-throughput-micro-bioreactor-waterless-temperature-controlled-fermenter","status":"publish","type":"product","link":"https:\/\/fermentorchina.com\/es\/products\/high-throughput-micro-bioreactor-waterless-temperature-controlled-fermenter\/","title":{"rendered":"Fermentador sin agua con temperatura controlada y microbiorreactor de alto rendimiento"},"content":{"rendered":"<table>\n<tbody>\n<tr>\n<td width=\"216\"><strong><b>Par\u00e1metro<\/b><\/strong><\/td>\n<td width=\"1171\"><strong><b>D<\/b><\/strong><strong><b>descripci\u00f3n<\/b><\/strong><\/td>\n<\/tr>\n<tr>\n<td width=\"216\">Volumen total<\/td>\n<td width=\"1171\">El volumen total m\u00e1ximo es de 2 litros.<\/td>\n<\/tr>\n<tr>\n<td width=\"216\">Volumen de trabajo<\/td>\n<td width=\"1171\">30%~70%<\/td>\n<\/tr>\n<tr>\n<td width=\"216\">La relaci\u00f3n entre di\u00e1metro y altura.<\/td>\n<td width=\"1171\">1:2.0~2.3<\/td>\n<\/tr>\n<tr>\n<td width=\"216\">Especificaciones y cantidad del barco.<\/td>\n<td width=\"1171\">Brome\u00f3 con 4 sistemas de recipientes de vidrio. El volumen total m\u00e1ximo es de 2 litros. El material es vidrio de borosilicato de esterilizaci\u00f3n a alta temperatura. La cubierta del tanque distribuye el puerto de inoculaci\u00f3n, el puerto del electrodo de pH, el puerto del electrodo de OD, el puerto de alimentaci\u00f3n de 4 v\u00edas, el puerto del electrodo de temperatura y el puerto de muestreo. Cada tanque est\u00e1 equipado con una paleta agitadora Rushton de 2 engranajes, una paleta de paletas oblicuas de flujo axial de 1 engranaje, un distribuidor de gas anular y un condensador de gases de escape anhidros con control de temperatura.<\/td>\n<\/tr>\n<tr>\n<td width=\"216\">Innovador m\u00f3dulo de temperatura sin agua<\/td>\n<td width=\"1171\">Se puede utilizar para 4 tanques al mismo tiempo. El innovador m\u00f3dulo de control de temperatura sin agua puede controlar de forma independiente la temperatura de cada tanque sin equipo auxiliar de agua de refrigeraci\u00f3n externo, lo que reduce el ambiente de agua alrededor de la fermentaci\u00f3n. Rango de control de temperatura: 10 ~ 45 \u2103; Precisi\u00f3n: \u00b10,1 \u2103.<\/td>\n<\/tr>\n<tr>\n<td width=\"216\">M\u00f3dulo de control de agitaci\u00f3n<\/td>\n<td width=\"1171\">Puede controlar 4 tanques al mismo tiempo, equipado con motor servoaccionador, rango de control de velocidad: 50-1000 rpm. El control PID se puede configurar para control manual, autom\u00e1tico o en cascada.<\/td>\n<\/tr>\n<tr>\n<td width=\"216\">M\u00f3dulo de control de OD<\/td>\n<td width=\"1171\">4 sondas de OD de esterilizaci\u00f3n a alta temperatura, rango de control de pantalla de OD 0,0-150,0%, precisi\u00f3n: \u00b11,0%. El ox\u00edgeno disuelto se puede controlar en cascada directa o inversa mediante par\u00e1metros\/comportamientos como la velocidad de agitaci\u00f3n, la ventilaci\u00f3n del aire y la alimentaci\u00f3n. Se pueden utilizar tres modos de cascada: paralelo, serie y cruzado para lograr un control m\u00e1s preciso;<\/td>\n<\/tr>\n<tr>\n<td width=\"216\">m\u00f3dulo de control de pH<\/td>\n<td width=\"1171\">para 4 tanques al mismo tiempo. La bomba de \u00e1cido\/\u00e1lcali puede realizar un control de enlace con la bomba de alimentaci\u00f3n para mantener el equilibrio de la concentraci\u00f3n de la matriz del reactor. 4 sondas de pH de esterilizaci\u00f3n a alta temperatura. El rango de control es 2,00-12,00\u00b10,01;<\/p>\n<p>9.M\u00f3dulo de bomba de alimentaci\u00f3n de precisi\u00f3n: 16 unidades, 4 bombas perist\u00e1lticas Watson-Marlow cada una. Cada m\u00f3dulo de bomba de alimentaci\u00f3n debe funcionar con fuente de alimentaci\u00f3n independiente, pudiendo dividirse y combinarse libremente (no integrado) seg\u00fan los diferentes procesos de alimentaci\u00f3n de cada tanque. Controle con precisi\u00f3n la cantidad de alimento, realice el modo de cultivo por lotes, alimentaci\u00f3n, continuo y de perfusi\u00f3n;<\/td>\n<\/tr>\n<tr>\n<td width=\"216\">M\u00f3dulo de distribuci\u00f3n de gas<\/td>\n<td width=\"1171\">para 4 tanques. Equipado con un rot\u00e1metro para controlar manualmente la entrada de aire, rango: 0~2L\/min<\/p>\n<p>&nbsp;<\/td>\n<\/tr>\n<tr>\n<td width=\"216\">Control de nivel de espuma\/l\u00edquido:<\/td>\n<td width=\"1171\">El control de la espuma se realiza mediante la sonda de espuma que detecta el nivel del l\u00edquido y agrega autom\u00e1ticamente antiespumante.<\/td>\n<\/tr>\n<tr>\n<td colspan=\"2\" width=\"1387\">El sistema tiene un dise\u00f1o modular (integrado no tradicional), que se puede dividir y ampliar libremente. Cada m\u00f3dulo puede ejecutarse de forma independiente sin interferir entre s\u00ed, lo que garantiza una buena repetibilidad y paralelismo, a fin de lograr un desarrollo r\u00e1pido y preciso de la exploraci\u00f3n de las condiciones del proceso. El dise\u00f1o compacto de escritorio (no de suelo) de toda la m\u00e1quina, el tama\u00f1o no excede: 1,5 m*0,8 m*0,9 m (largo, ancho y alto) para adaptarse al reducido espacio del laboratorio.<\/td>\n<\/tr>\n<tr>\n<td colspan=\"2\" width=\"1387\">El escape tiene un condensador sin agua, no se requiere agua de refrigeraci\u00f3n externa<\/td>\n<\/tr>\n<\/tbody>\n<\/table>","protected":false},"excerpt":{"rendered":"<p>Parameter Description Total volume Maximum total volume size is 2L. Working volume 30%~70% The ratio between diameter and height 1:2.0~2.3 Vessel specifications and quantity It quipped with 4 glass vessel systems.\u00a0Maximum total volume size is 2L.\u00a0The material is high temperature sterilization borosilicate glass. The tank cover distributes the inoculation port, pH electrode port, DO electrode [&hellip;]<\/p>\n","protected":false},"featured_media":6454,"template":"","meta":{"site-sidebar-layout":"default","site-content-layout":"","ast-site-content-layout":"default","site-content-style":"default","site-sidebar-style":"default","ast-global-header-display":"","ast-banner-title-visibility":"","ast-main-header-display":"","ast-hfb-above-header-display":"","ast-hfb-below-header-display":"","ast-hfb-mobile-header-display":"","site-post-title":"","ast-breadcrumbs-content":"","ast-featured-img":"","footer-sml-layout":"","ast-disable-related-posts":"","theme-transparent-header-meta":"default","adv-header-id-meta":"","stick-header-meta":"","header-above-stick-meta":"","header-main-stick-meta":"","header-below-stick-meta":"","astra-migrate-meta-layouts":"set","ast-page-background-enabled":"default","ast-page-background-meta":{"desktop":{"background-color":"","background-image":"","background-repeat":"repeat","background-position":"center center","background-size":"auto","background-attachment":"scroll","background-type":"","background-media":"","overlay-type":"","overlay-color":"","overlay-opacity":"","overlay-gradient":""},"tablet":{"background-color":"","background-image":"","background-repeat":"repeat","background-position":"center center","background-size":"auto","background-attachment":"scroll","background-type":"","background-media":"","overlay-type":"","overlay-color":"","overlay-opacity":"","overlay-gradient":""},"mobile":{"background-color":"","background-image":"","background-repeat":"repeat","background-position":"center center","background-size":"auto","background-attachment":"scroll","background-type":"","background-media":"","overlay-type":"","overlay-color":"","overlay-opacity":"","overlay-gradient":""}},"ast-content-background-meta":{"desktop":{"background-color":"var(--ast-global-color-5)","background-image":"","background-repeat":"repeat","background-position":"center center","background-size":"auto","background-attachment":"scroll","background-type":"","background-media":"","overlay-type":"","overlay-color":"","overlay-opacity":"","overlay-gradient":""},"tablet":{"background-color":"var(--ast-global-color-5)","background-image":"","background-repeat":"repeat","background-position":"center center","background-size":"auto","background-attachment":"scroll","background-type":"","background-media":"","overlay-type":"","overlay-color":"","overlay-opacity":"","overlay-gradient":""},"mobile":{"background-color":"var(--ast-global-color-5)","background-image":"","background-repeat":"repeat","background-position":"center center","background-size":"auto","background-attachment":"scroll","background-type":"","background-media":"","overlay-type":"","overlay-color":"","overlay-opacity":"","overlay-gradient":""}}},"product_brand":[],"product_cat":[40,21],"product_tag":[],"class_list":{"0":"post-3261","1":"product","2":"type-product","3":"status-publish","4":"has-post-thumbnail","6":"product_cat-hot-products","7":"product_cat-glass-lab-bioreactor","8":"desktop-align-left","9":"tablet-align-left","10":"mobile-align-left","12":"first","13":"instock","14":"shipping-taxable","15":"product-type-simple"},"_links":{"self":[{"href":"https:\/\/fermentorchina.com\/es\/wp-json\/wp\/v2\/product\/3261","targetHints":{"allow":["GET"]}}],"collection":[{"href":"https:\/\/fermentorchina.com\/es\/wp-json\/wp\/v2\/product"}],"about":[{"href":"https:\/\/fermentorchina.com\/es\/wp-json\/wp\/v2\/types\/product"}],"version-history":[{"count":1,"href":"https:\/\/fermentorchina.com\/es\/wp-json\/wp\/v2\/product\/3261\/revisions"}],"predecessor-version":[{"id":6455,"href":"https:\/\/fermentorchina.com\/es\/wp-json\/wp\/v2\/product\/3261\/revisions\/6455"}],"wp:featuredmedia":[{"embeddable":true,"href":"https:\/\/fermentorchina.com\/es\/wp-json\/wp\/v2\/media\/6454"}],"wp:attachment":[{"href":"https:\/\/fermentorchina.com\/es\/wp-json\/wp\/v2\/media?parent=3261"}],"wp:term":[{"taxonomy":"product_brand","embeddable":true,"href":"https:\/\/fermentorchina.com\/es\/wp-json\/wp\/v2\/product_brand?post=3261"},{"taxonomy":"product_cat","embeddable":true,"href":"https:\/\/fermentorchina.com\/es\/wp-json\/wp\/v2\/product_cat?post=3261"},{"taxonomy":"product_tag","embeddable":true,"href":"https:\/\/fermentorchina.com\/es\/wp-json\/wp\/v2\/product_tag?post=3261"}],"curies":[{"name":"wp","href":"https:\/\/api.w.org\/{rel}","templated":true}]}}