{"id":3267,"date":"2024-03-11T03:57:14","date_gmt":"2024-03-11T03:57:14","guid":{"rendered":"https:\/\/fermentorchina.com\/?post_type=product&#038;p=3267"},"modified":"2026-04-24T05:59:13","modified_gmt":"2026-04-24T05:59:13","slug":"mechanical-stirring-glass-bioreactornew-program-control-box","status":"publish","type":"product","link":"https:\/\/fermentorchina.com\/es\/products\/mechanical-stirring-glass-bioreactornew-program-control-box\/","title":{"rendered":"Biorreactor de vidrio con agitaci\u00f3n mec\u00e1nica (nueva caja de control de programa)"},"content":{"rendered":"<table>\n<tbody>\n<tr>\n<td width=\"320\"><strong><b>Par\u00e1metro<\/b><\/strong><\/td>\n<td width=\"1066\"><strong><b>D<\/b><\/strong><strong><b>descripci\u00f3n<\/b><\/strong><\/td>\n<\/tr>\n<tr>\n<td width=\"320\">Volumen total<\/td>\n<td width=\"1066\">0.2L, 0.5L, 1L, 2L, 3L, 5L, 10L, 20L, 30L, 40L, etc.<\/td>\n<\/tr>\n<tr>\n<td width=\"320\">Volumen de trabajo<\/td>\n<td width=\"1066\">50%~70%<\/td>\n<\/tr>\n<tr>\n<td width=\"320\">Tanque<\/td>\n<td width=\"1066\">Recipiente individual de vidrio con fondo de acero inoxidable. Tapa fabricada en acero inoxidable 316L con puertos, condensador en la tapa.<\/td>\n<\/tr>\n<tr>\n<td width=\"320\">Sistema de agitaci\u00f3n<\/td>\n<td width=\"1066\">Accionamiento mec\u00e1nico (tipo GJ) o accionamiento magn\u00e9tico (tipo GC, accionamiento inferior\/superior), 3 paletas de seis hojas y 1 rompedor de espuma, cada paleta es ajustable en altura.<\/p>\n<p>Velocidad de agitaci\u00f3n: 50~1000rpm\/50-500rpm<\/td>\n<\/tr>\n<tr>\n<td width=\"320\">Esterilizaci\u00f3n<\/td>\n<td width=\"1066\">Esterilizaci\u00f3n fuera del sitio (Autoclave)<\/td>\n<\/tr>\n<tr>\n<td width=\"320\">control de gases<\/td>\n<td width=\"1066\">Control por medidor de rotor, caudal de aire 2vvm.<\/td>\n<\/tr>\n<tr>\n<td width=\"320\">Alimentaci\u00f3n<\/td>\n<td width=\"1066\">Alimentaci\u00f3n autom\u00e1tica mediante bomba perist\u00e1ltica.<\/td>\n<\/tr>\n<tr>\n<td width=\"320\">Control antiespumante<\/td>\n<td width=\"1066\">Agregue antiespumante autom\u00e1ticamente mediante bomba perist\u00e1ltica<\/td>\n<\/tr>\n<tr>\n<td width=\"320\">Control de temperatura<\/td>\n<td width=\"1066\">La fuente de agua de la gama de calefacci\u00f3n el\u00e9ctrica con control autom\u00e1tico agrega de 5 \u2103 a 70 \u2103<\/td>\n<\/tr>\n<tr>\n<td width=\"320\">control de ph<\/td>\n<td width=\"1066\">PH 2,00-12,00\u00b10,1, control autom\u00e1tico de adici\u00f3n de \u00e1cido\/base mediante bomba perist\u00e1ltica, sensor de pH de Hamilton\/Mettler, Suiza.<\/td>\n<\/tr>\n<tr>\n<td width=\"320\">HACER control<\/td>\n<td width=\"1066\">0-150\u00b13% que muestra una precisi\u00f3n de 0,1%, sensor de OD de Hamilton\/Mettler, Suiza. HACER acoplamiento con agitaci\u00f3n, ox\u00edgeno.<\/td>\n<\/tr>\n<tr>\n<td width=\"320\">Muestreo<\/td>\n<td width=\"1066\">Muestreo manual<\/td>\n<\/tr>\n<tr>\n<td width=\"320\">Par\u00e1metros de control<\/td>\n<td width=\"1066\">Pantalla t\u00e1ctil de 10 o 15 pulgadas, PLC Siemens con par\u00e1metros de control (agitaci\u00f3n, pH, OD, temperatura, alimentaci\u00f3n, alarma, gas, etc.), an\u00e1lisis de datos, registro de datos, salida de datos, idioma (RU\/EN\/CN) y otros personalizados. funciones<\/td>\n<\/tr>\n<tr>\n<td width=\"320\">Configuraci\u00f3n opcional<\/td>\n<td width=\"1066\">Control remoto, medidor de flujo m\u00e1sico (gas de control autom\u00e1tico), O2\/N2\/CO2, an\u00e1lisis de escape de gas (CO2), sensor de nivel, sensor de turbidez (OD), sensor ORP, sistema de peso, sensor de celda viva (biomasa), impresi\u00f3n, Siemens pantalla t\u00e1ctil, etc.,<\/td>\n<\/tr>\n<\/tbody>\n<\/table>","protected":false},"excerpt":{"rendered":"<p><strong>Parameter:<\/strong> 0.2L\u201330L total volume range<br data-start=\"38\" data-end=\"41\" \/><strong>Working Volume:<\/strong> 50%\u201370% recommended capacity<br data-start=\"85\" data-end=\"88\" \/><strong>Tank:<\/strong> Glass vessel with 316L lid<br data-start=\"120\" data-end=\"123\" \/><strong>Stirring:<\/strong> Mechanical or magnetic drive<br data-start=\"161\" data-end=\"164\" \/><strong>Sterilization:<\/strong> Autoclave off-site sterilization<br data-start=\"211\" data-end=\"214\" \/><strong>Control:<\/strong> Siemens PLC touch screen<br data-start=\"247\" data-end=\"250\" \/><strong>Sensors:<\/strong> pH and DO auto-control<br data-start=\"281\" data-end=\"284\" \/><strong>Options:<\/strong> Remote control and gas analysis<\/p>","protected":false},"featured_media":6451,"template":"","meta":{"site-sidebar-layout":"default","site-content-layout":"","ast-site-content-layout":"default","site-content-style":"default","site-sidebar-style":"default","ast-global-header-display":"","ast-banner-title-visibility":"","ast-main-header-display":"","ast-hfb-above-header-display":"","ast-hfb-below-header-display":"","ast-hfb-mobile-header-display":"","site-post-title":"","ast-breadcrumbs-content":"","ast-featured-img":"","footer-sml-layout":"","ast-disable-related-posts":"","theme-transparent-header-meta":"default","adv-header-id-meta":"","stick-header-meta":"","header-above-stick-meta":"","header-main-stick-meta":"","header-below-stick-meta":"","astra-migrate-meta-layouts":"set","ast-page-background-enabled":"default","ast-page-background-meta":{"desktop":{"background-color":"","background-image":"","background-repeat":"repeat","background-position":"center center","background-size":"auto","background-attachment":"scroll","background-type":"","background-media":"","overlay-type":"","overlay-color":"","overlay-opacity":"","overlay-gradient":""},"tablet":{"background-color":"","background-image":"","background-repeat":"repeat","background-position":"center center","background-size":"auto","background-attachment":"scroll","background-type":"","background-media":"","overlay-type":"","overlay-color":"","overlay-opacity":"","overlay-gradient":""},"mobile":{"background-color":"","background-image":"","background-repeat":"repeat","background-position":"center center","background-size":"auto","background-attachment":"scroll","background-type":"","background-media":"","overlay-type":"","overlay-color":"","overlay-opacity":"","overlay-gradient":""}},"ast-content-background-meta":{"desktop":{"background-color":"var(--ast-global-color-5)","background-image":"","background-repeat":"repeat","background-position":"center center","background-size":"auto","background-attachment":"scroll","background-type":"","background-media":"","overlay-type":"","overlay-color":"","overlay-opacity":"","overlay-gradient":""},"tablet":{"background-color":"var(--ast-global-color-5)","background-image":"","background-repeat":"repeat","background-position":"center center","background-size":"auto","background-attachment":"scroll","background-type":"","background-media":"","overlay-type":"","overlay-color":"","overlay-opacity":"","overlay-gradient":""},"mobile":{"background-color":"var(--ast-global-color-5)","background-image":"","background-repeat":"repeat","background-position":"center center","background-size":"auto","background-attachment":"scroll","background-type":"","background-media":"","overlay-type":"","overlay-color":"","overlay-opacity":"","overlay-gradient":""}}},"product_brand":[],"product_cat":[40,21],"product_tag":[],"class_list":{"0":"post-3267","1":"product","2":"type-product","3":"status-publish","4":"has-post-thumbnail","6":"product_cat-hot-products","7":"product_cat-glass-lab-bioreactor","8":"desktop-align-left","9":"tablet-align-left","10":"mobile-align-left","12":"first","13":"instock","14":"shipping-taxable","15":"product-type-simple"},"_links":{"self":[{"href":"https:\/\/fermentorchina.com\/es\/wp-json\/wp\/v2\/product\/3267","targetHints":{"allow":["GET"]}}],"collection":[{"href":"https:\/\/fermentorchina.com\/es\/wp-json\/wp\/v2\/product"}],"about":[{"href":"https:\/\/fermentorchina.com\/es\/wp-json\/wp\/v2\/types\/product"}],"version-history":[{"count":5,"href":"https:\/\/fermentorchina.com\/es\/wp-json\/wp\/v2\/product\/3267\/revisions"}],"predecessor-version":[{"id":8066,"href":"https:\/\/fermentorchina.com\/es\/wp-json\/wp\/v2\/product\/3267\/revisions\/8066"}],"wp:featuredmedia":[{"embeddable":true,"href":"https:\/\/fermentorchina.com\/es\/wp-json\/wp\/v2\/media\/6451"}],"wp:attachment":[{"href":"https:\/\/fermentorchina.com\/es\/wp-json\/wp\/v2\/media?parent=3267"}],"wp:term":[{"taxonomy":"product_brand","embeddable":true,"href":"https:\/\/fermentorchina.com\/es\/wp-json\/wp\/v2\/product_brand?post=3267"},{"taxonomy":"product_cat","embeddable":true,"href":"https:\/\/fermentorchina.com\/es\/wp-json\/wp\/v2\/product_cat?post=3267"},{"taxonomy":"product_tag","embeddable":true,"href":"https:\/\/fermentorchina.com\/es\/wp-json\/wp\/v2\/product_tag?post=3267"}],"curies":[{"name":"wp","href":"https:\/\/api.w.org\/{rel}","templated":true}]}}