{"id":589,"date":"2023-09-06T13:04:08","date_gmt":"2023-09-06T13:04:08","guid":{"rendered":"https:\/\/fermentorchina.com\/?post_type=product&#038;p=589"},"modified":"2025-07-09T05:11:38","modified_gmt":"2025-07-09T05:11:38","slug":"plant-cell-glass-fermenterlight-blbio-5gcl","status":"publish","type":"product","link":"https:\/\/fermentorchina.com\/es\/products\/plant-cell-glass-fermenterlight-blbio-5gcl\/","title":{"rendered":"Fotobiorreactor de vidrio de c\u00e9lulas vegetales (fermentador ligero) BLBIO-GCL"},"content":{"rendered":"<figure id=\"attachment_6578\" aria-describedby=\"caption-attachment-6578\" style=\"width: 1024px\" class=\"wp-caption aligncenter\"><img fetchpriority=\"high\" decoding=\"async\" class=\"wp-image-6578 size-large\" src=\"https:\/\/fermentorchina.com\/wp-content\/uploads\/Plant-Cell-glass-fermenterLight-BLBIO-5GCL-1-1024x843.jpg\" alt=\"Plant Cell glass fermenter(Light) BLBIO-5GCL\" width=\"1024\" height=\"843\" srcset=\"https:\/\/fermentorchina.com\/wp-content\/uploads\/Plant-Cell-glass-fermenterLight-BLBIO-5GCL-1-1024x843.jpg 1024w, https:\/\/fermentorchina.com\/wp-content\/uploads\/Plant-Cell-glass-fermenterLight-BLBIO-5GCL-1-300x247.jpg 300w, https:\/\/fermentorchina.com\/wp-content\/uploads\/Plant-Cell-glass-fermenterLight-BLBIO-5GCL-1-768x632.jpg 768w, https:\/\/fermentorchina.com\/wp-content\/uploads\/Plant-Cell-glass-fermenterLight-BLBIO-5GCL-1-15x12.jpg 15w, https:\/\/fermentorchina.com\/wp-content\/uploads\/Plant-Cell-glass-fermenterLight-BLBIO-5GCL-1-600x494.jpg 600w, https:\/\/fermentorchina.com\/wp-content\/uploads\/Plant-Cell-glass-fermenterLight-BLBIO-5GCL-1.jpg 1413w\" sizes=\"(max-width: 1024px) 100vw, 1024px\" \/><figcaption id=\"caption-attachment-6578\" class=\"wp-caption-text\">Fermentador de vidrio de c\u00e9lulas vegetales (ligero) BLBIO-5GCL<\/figcaption><\/figure>\n<h3><strong><b>Par\u00e1metros t\u00e9cnicos del fermentador<\/b><\/strong><\/h3>\n<table>\n<tbody>\n<tr>\n<td width=\"294\"><strong><b>Par\u00e1metro<\/b><\/strong><\/td>\n<td width=\"978\"><strong><b>D<\/b><\/strong><strong><b>descripci\u00f3n<\/b><\/strong><\/td>\n<\/tr>\n<tr>\n<td width=\"294\">Volumen total<\/td>\n<td width=\"978\">1L, 2L, 5L, 7L, 10L, 20L, 30L, 40L, etc.<\/td>\n<\/tr>\n<tr>\n<td width=\"294\">Volumen de trabajo<\/td>\n<td width=\"978\">50%~70%<\/td>\n<\/tr>\n<tr>\n<td width=\"294\">Sistema de agitaci\u00f3n<\/td>\n<td width=\"978\">Accionamiento mec\u00e1nico (arriba) o accionamiento magn\u00e9tico (arriba\/abajo),<\/p>\n<p>3 paletas de seis palas y 1 rompedor de espuma, cada paleta es ajustable en altura.<\/p>\n<p>Velocidad: 50~1200rpm\/50-500rpm<\/td>\n<\/tr>\n<tr>\n<td width=\"294\">Esterilizaci\u00f3n<\/td>\n<td width=\"978\">Esterilizaci\u00f3n fuera del sitio (Autoclave)<\/td>\n<\/tr>\n<tr>\n<td width=\"294\">control de gases<\/td>\n<td width=\"978\">Control por medidor de rotor, caudal de aire 1-2vvm.<\/td>\n<\/tr>\n<tr>\n<td width=\"294\">Alimentaci\u00f3n<\/td>\n<td width=\"978\">Alimentaci\u00f3n autom\u00e1tica mediante bomba perist\u00e1ltica.<\/td>\n<\/tr>\n<tr>\n<td width=\"294\">Control antiespumante<\/td>\n<td width=\"978\">Agregue antiespumante autom\u00e1ticamente mediante bomba perist\u00e1ltica<\/td>\n<\/tr>\n<tr>\n<td width=\"294\">Control de temperatura<\/td>\n<td width=\"978\">La fuente de agua de la gama de calefacci\u00f3n el\u00e9ctrica con control autom\u00e1tico agrega de 5 \u2103 a 70 \u2103<\/td>\n<\/tr>\n<tr>\n<td width=\"294\">control de ph<\/td>\n<td width=\"978\">PH 2,00-12,00\u00b10,1, control autom\u00e1tico de adici\u00f3n de \u00e1cido\/base mediante bomba perist\u00e1ltica, sensor de pH de Hamilton\/Mettler, Suiza.<\/td>\n<\/tr>\n<tr>\n<td width=\"294\">HACER control<\/td>\n<td width=\"978\">0-150\u00b13% que muestra una precisi\u00f3n de 0,1%, sensor de OD de Hamilton\/Mettler, Suiza. HACER acoplamiento con agitaci\u00f3n, ox\u00edgeno.<\/td>\n<\/tr>\n<tr>\n<td width=\"294\">Sistema de iluminaci\u00f3n<\/td>\n<td width=\"978\">Luz LED (blanca\/azul\/verde\/roja) con intensidad regulable<\/p>\n<p>disponible (intensidad 0 hasta 50micromol-m. seg2) y fotoperiodo<\/td>\n<\/tr>\n<tr>\n<td width=\"294\">Muestreo<\/td>\n<td width=\"978\">Muestreo manual<\/td>\n<\/tr>\n<tr>\n<td width=\"294\">Par\u00e1metros de control<\/td>\n<td width=\"978\">Pantalla t\u00e1ctil de 10 o 15 pulgadas, PLC Siemens con par\u00e1metros de control (agitaci\u00f3n, pH, OD, temperatura, alimentaci\u00f3n, alarma, gas, etc.), an\u00e1lisis de datos, registro de datos, salida de datos, idioma (RU\/EN\/CN) y otros personalizados. funciones<\/td>\n<\/tr>\n<tr>\n<td width=\"294\">Configuraci\u00f3n opcional<\/td>\n<td width=\"978\">Control remoto, medidor de flujo m\u00e1sico (gas de control autom\u00e1tico), O2\/N2\/CO2, an\u00e1lisis de escape de gas (CO2), sensor de nivel, sensor de turbidez (OD), sensor ORP, sistema de peso, sensor de celda viva (biomasa), impresi\u00f3n, Siemens pantalla t\u00e1ctil, etc<\/td>\n<\/tr>\n<\/tbody>\n<\/table>\n<h3><strong><b>Descripci\u00f3n del fermentador<\/b><\/strong><\/h3>\n<p>El biorreactor de iluminaci\u00f3n de la serie BLBlO-GCL es adecuado para el cultivo de c\u00e9lulas y tejidos de algas. Adecuado para el cultivo de microbios con baja fuerza de corte. Adopta un tanque largo y estrecho con un volumen total de 3,6 litros y una especificaci\u00f3n de cubierta del tanque de 115 NW. Est\u00e1 provisto de una camisa de enfriamiento de posici\u00f3n baja especialmente dise\u00f1ada y una fuente de luz tipo carcasa exterior para garantizar el efecto de transmisi\u00f3n de la iluminaci\u00f3n. Tiene varios tipos de paletas mezcladoras para seleccionar, como paleta plana, paleta biselada y paleta de turbina. La intensidad de la luz se puede ajustar libremente seg\u00fan el porcentaje. Cuando se trabaja con el software BLBlO-\/3.1, puede simular varios modos de iluminaci\u00f3n, como d\u00eda y alternancia nocturna.<\/p>\n<p>Sistema de control: pantalla t\u00e1ctil de 10 pulgadas, sistema de control PLC Siemens con par\u00e1metros de control (agitaci\u00f3n, pH, OD, temperatura, alimentaci\u00f3n, gas, etc.), an\u00e1lisis de datos, registro de datos, salida e impresi\u00f3n de datos, alarma de exceso, cambio de idioma y otras funciones.<\/p>\n<p>Se pueden proporcionar fuentes de luz internas o externas con intensidad ajustable. El cultivo de organismos marinos, especialmente c\u00e9lulas y tejidos de microalgas y macroalgas, es un foco de investigaci\u00f3n en todo el mundo. Entre ellos, algunos metabolitos secundarios, como los terpenoides marinos, son metabolitos secundarios ampliamente estudiados. Bailun tiene casi 20 a\u00f1os de experiencia en investigaci\u00f3n en el campo de la cultura de la iluminaci\u00f3n y la fotorreacci\u00f3n. El biorreactor de iluminaci\u00f3n es el resultado de estas experiencias de investigaci\u00f3n.<\/p>\n<p>&nbsp;<\/p>","protected":false},"excerpt":{"rendered":"<p>Fermenter Technical Parameters Parameter Description Total volume 1L,2L,5L,7L,10L,20L,30L,40L etc. Working volume 50%~70% Stirring system Mechanical drive(top)\u00a0or Magnetic drive(top\/bottom), 3\u00a0six-blade paddle and 1 foam breaker, each paddle height adjustable. Speed: 50~1200rpm\/50-500rpm Sterilization Off-site\u00a0sterilization (Autoclave) Gas control Control by rotor meter, air flow 1-2vvm. Feeding Automatically feeding\u00a0by\u00a0peristaltic pump Anti-foam control Automatically add antifoamer by peristaltic pump Temperature [&hellip;]<\/p>\n","protected":false},"featured_media":6580,"template":"","meta":{"site-sidebar-layout":"default","site-content-layout":"","ast-site-content-layout":"default","site-content-style":"default","site-sidebar-style":"default","ast-global-header-display":"","ast-banner-title-visibility":"","ast-main-header-display":"","ast-hfb-above-header-display":"","ast-hfb-below-header-display":"","ast-hfb-mobile-header-display":"","site-post-title":"","ast-breadcrumbs-content":"","ast-featured-img":"","footer-sml-layout":"","ast-disable-related-posts":"","theme-transparent-header-meta":"default","adv-header-id-meta":"","stick-header-meta":"","header-above-stick-meta":"","header-main-stick-meta":"","header-below-stick-meta":"","astra-migrate-meta-layouts":"set","ast-page-background-enabled":"default","ast-page-background-meta":{"desktop":{"background-color":"","background-image":"","background-repeat":"repeat","background-position":"center center","background-size":"auto","background-attachment":"scroll","background-type":"","background-media":"","overlay-type":"","overlay-color":"","overlay-opacity":"","overlay-gradient":""},"tablet":{"background-color":"","background-image":"","background-repeat":"repeat","background-position":"center center","background-size":"auto","background-attachment":"scroll","background-type":"","background-media":"","overlay-type":"","overlay-color":"","overlay-opacity":"","overlay-gradient":""},"mobile":{"background-color":"","background-image":"","background-repeat":"repeat","background-position":"center center","background-size":"auto","background-attachment":"scroll","background-type":"","background-media":"","overlay-type":"","overlay-color":"","overlay-opacity":"","overlay-gradient":""}},"ast-content-background-meta":{"desktop":{"background-color":"var(--ast-global-color-5)","background-image":"","background-repeat":"repeat","background-position":"center center","background-size":"auto","background-attachment":"scroll","background-type":"","background-media":"","overlay-type":"","overlay-color":"","overlay-opacity":"","overlay-gradient":""},"tablet":{"background-color":"var(--ast-global-color-5)","background-image":"","background-repeat":"repeat","background-position":"center center","background-size":"auto","background-attachment":"scroll","background-type":"","background-media":"","overlay-type":"","overlay-color":"","overlay-opacity":"","overlay-gradient":""},"mobile":{"background-color":"var(--ast-global-color-5)","background-image":"","background-repeat":"repeat","background-position":"center center","background-size":"auto","background-attachment":"scroll","background-type":"","background-media":"","overlay-type":"","overlay-color":"","overlay-opacity":"","overlay-gradient":""}}},"product_brand":[],"product_cat":[36],"product_tag":[],"class_list":{"0":"post-589","1":"product","2":"type-product","3":"status-publish","4":"has-post-thumbnail","6":"product_cat-photobioreactor","7":"desktop-align-left","8":"tablet-align-left","9":"mobile-align-left","11":"first","12":"instock","13":"shipping-taxable","14":"product-type-simple"},"_links":{"self":[{"href":"https:\/\/fermentorchina.com\/es\/wp-json\/wp\/v2\/product\/589","targetHints":{"allow":["GET"]}}],"collection":[{"href":"https:\/\/fermentorchina.com\/es\/wp-json\/wp\/v2\/product"}],"about":[{"href":"https:\/\/fermentorchina.com\/es\/wp-json\/wp\/v2\/types\/product"}],"version-history":[{"count":2,"href":"https:\/\/fermentorchina.com\/es\/wp-json\/wp\/v2\/product\/589\/revisions"}],"predecessor-version":[{"id":6581,"href":"https:\/\/fermentorchina.com\/es\/wp-json\/wp\/v2\/product\/589\/revisions\/6581"}],"wp:featuredmedia":[{"embeddable":true,"href":"https:\/\/fermentorchina.com\/es\/wp-json\/wp\/v2\/media\/6580"}],"wp:attachment":[{"href":"https:\/\/fermentorchina.com\/es\/wp-json\/wp\/v2\/media?parent=589"}],"wp:term":[{"taxonomy":"product_brand","embeddable":true,"href":"https:\/\/fermentorchina.com\/es\/wp-json\/wp\/v2\/product_brand?post=589"},{"taxonomy":"product_cat","embeddable":true,"href":"https:\/\/fermentorchina.com\/es\/wp-json\/wp\/v2\/product_cat?post=589"},{"taxonomy":"product_tag","embeddable":true,"href":"https:\/\/fermentorchina.com\/es\/wp-json\/wp\/v2\/product_tag?post=589"}],"curies":[{"name":"wp","href":"https:\/\/api.w.org\/{rel}","templated":true}]}}