{"id":907,"date":"2023-10-11T06:20:44","date_gmt":"2023-10-11T06:20:44","guid":{"rendered":"https:\/\/fermentorchina.com\/?post_type=product&#038;p=907"},"modified":"2024-03-06T07:24:42","modified_gmt":"2024-03-06T07:24:42","slug":"magnetic-driving-glass-bioreactor-1-liter-blbio-1gc","status":"publish","type":"product","link":"https:\/\/fermentorchina.com\/es\/products\/magnetic-driving-glass-bioreactor-1-liter-blbio-1gc\/","title":{"rendered":"Biorreactor de vidrio con agitaci\u00f3n magn\u00e9tica BLBIO-GC"},"content":{"rendered":"<h3><strong><b>Par\u00e1metros t\u00e9cnicos del fermentador:<\/b><\/strong><\/h3>\n<table>\n<tbody>\n<tr>\n<td width=\"320\"><strong><b>Par\u00e1metro<\/b><\/strong><\/td>\n<td width=\"1066\"><strong><b>D<\/b><\/strong><strong><b>descripci\u00f3n<\/b><\/strong><\/td>\n<\/tr>\n<tr>\n<td width=\"320\">Volumen total<\/td>\n<td width=\"1066\">0.2L, 0.5L, 1L, 2L, 3L, 5L, 10L, 20L, 30L, 40L, etc.<\/td>\n<\/tr>\n<tr>\n<td width=\"320\">Volumen de trabajo<\/td>\n<td width=\"1066\">50%~70%<\/td>\n<\/tr>\n<tr>\n<td width=\"320\">Tanque<\/td>\n<td width=\"1066\">Recipiente individual de vidrio con fondo de acero inoxidable. Tapa fabricada en acero inoxidable 316L con puertos, condensador en la tapa.<\/td>\n<\/tr>\n<tr>\n<td width=\"320\">Sistema de agitaci\u00f3n<\/td>\n<td width=\"1066\">Accionamiento mec\u00e1nico (tipo GJ) o accionamiento magn\u00e9tico (tipo GC, accionamiento inferior\/superior), 3 paletas de seis hojas y 1 rompedor de espuma, cada paleta es ajustable en altura.<\/p>\n<p>Velocidad de agitaci\u00f3n: 50~1000rpm\/50-500rpm<\/td>\n<\/tr>\n<tr>\n<td width=\"320\">Esterilizaci\u00f3n<\/td>\n<td width=\"1066\">Esterilizaci\u00f3n fuera del sitio (Autoclave)<\/td>\n<\/tr>\n<tr>\n<td width=\"320\">control de gases<\/td>\n<td width=\"1066\">Control por medidor de rotor, caudal de aire 1-2vvm.<\/td>\n<\/tr>\n<tr>\n<td width=\"320\">Alimentaci\u00f3n<\/td>\n<td width=\"1066\">Alimentaci\u00f3n autom\u00e1tica mediante bomba perist\u00e1ltica.<\/td>\n<\/tr>\n<tr>\n<td width=\"320\">Control antiespumante<\/td>\n<td width=\"1066\">Agregue antiespumante autom\u00e1ticamente mediante bomba perist\u00e1ltica<\/td>\n<\/tr>\n<tr>\n<td width=\"320\">Control de temperatura<\/td>\n<td width=\"1066\">La fuente de agua de la gama de calefacci\u00f3n el\u00e9ctrica con control autom\u00e1tico agrega de 5 \u2103 a 70 \u2103<\/td>\n<\/tr>\n<tr>\n<td width=\"320\">control de ph<\/td>\n<td width=\"1066\">PH 2,00-12,00\u00b10,1, control autom\u00e1tico de adici\u00f3n de \u00e1cido\/base mediante bomba perist\u00e1ltica, sensor de pH de Hamilton\/Mettler, Suiza.<\/td>\n<\/tr>\n<tr>\n<td width=\"320\">HACER control<\/td>\n<td width=\"1066\">0-150\u00b13% que muestra una precisi\u00f3n de 0,1%, sensor de OD de Hamilton\/Mettler, Suiza. HACER acoplamiento con agitaci\u00f3n, ox\u00edgeno.<\/td>\n<\/tr>\n<tr>\n<td width=\"320\">Muestreo<\/td>\n<td width=\"1066\">Muestreo manual<\/td>\n<\/tr>\n<tr>\n<td width=\"320\">Par\u00e1metros de control<\/td>\n<td width=\"1066\">Pantalla t\u00e1ctil de 10 o 15 pulgadas, PLC Siemens con par\u00e1metros de control (agitaci\u00f3n, pH, OD, temperatura, alimentaci\u00f3n, alarma, gas, etc.), an\u00e1lisis de datos, registro de datos, salida de datos, idioma (RU\/EN\/CN) y otros personalizados. funciones<\/td>\n<\/tr>\n<tr>\n<td width=\"320\">Configuraci\u00f3n opcional<\/td>\n<td width=\"1066\">Control remoto, medidor de flujo m\u00e1sico (gas de control autom\u00e1tico), O2\/N2\/CO2, an\u00e1lisis de escape de gas (CO2), sensor de nivel, sensor de turbidez (OD), sensor ORP, sistema de peso, sensor de celda viva (biomasa), impresi\u00f3n, Siemens pantalla t\u00e1ctil, etc.,<\/td>\n<\/tr>\n<\/tbody>\n<\/table>\n<p>&nbsp;<\/p>\n<h3><strong><b>Descripci\u00f3n del fermentador:<\/b><\/strong><\/h3>\n<p>El sistema de agitaci\u00f3n magn\u00e9tica adopta el sistema de agitaci\u00f3n magn\u00e9tico suspendido en la m\u00e1quina magn\u00e9tica fuerte (completamente sellado, sin fugas, libre de contaminaci\u00f3n, sin mantenimiento y el sistema de agitaci\u00f3n magn\u00e9tico suspendido en la parte superior. El sello din\u00e1mico se cambia a un sello est\u00e1tico, lo que resuelve completamente el problema de la contaminaci\u00f3n bacteriana en los tanques de productos biol\u00f3gicos El problema es que no hay dedal en el fondo y la velocidad de rotaci\u00f3n es estable; todas las partes internas del tanque est\u00e1n instaladas en la tapa del tanque, lo cual es muy conveniente para mantenimiento y limpieza; el dise\u00f1o de separaci\u00f3n del motor del cuerpo del tanque reduce en gran medida el peso del cuerpo del tanque, hace que la operaci\u00f3n sea m\u00e1s f\u00e1cil y conveniente y ahorra mucha mano de obra. El sistema de agitaci\u00f3n magn\u00e9tica adopta materiales especiales de im\u00e1n permanente, procesamiento \u00fanico Tecnolog\u00eda, nunca desmagnetizaci\u00f3n, la velocidad m\u00e1xima de agitaci\u00f3n no ser\u00e1 inferior a los requisitos t\u00e9cnicos durante la vida \u00fatil del fermentador, y tambi\u00e9n puede alcanzar la velocidad m\u00e1s alta en medios de alta viscosidad, que se puede configurar autom\u00e1ticamente. Rango de regulaci\u00f3n de velocidad continua controlada 50-1200 rpm. \u00b15rpm.<\/p>\n<p>El fermentador de vidrio de escritorio tiene un dise\u00f1o integrado, equipo completo instalado en una peque\u00f1a plataforma de acero inoxidable, f\u00e1cil de mover y reparar.<\/p>\n<p>El fermentador tiene tres componentes principales: tanque, control de temperatura del ba\u00f1o termost\u00e1tico y sistema de control. Tanque compuesto por vidrio de borosilicato y acero inoxidable SUS316L importado. El vidrio de borosilicato puede resistir altas temperaturas, anti\u00e1cido\/\u00e1lcali, resistente a la corrosi\u00f3n.<\/p>\n<p>Sistema de control: pantalla t\u00e1ctil de 10 pulgadas, sistema de control PLC Siemens con par\u00e1metros de control (agitaci\u00f3n, pH, OD, temperatura, alimentaci\u00f3n, gas, etc.), an\u00e1lisis de datos, registro de datos, salida e impresi\u00f3n de datos, alarma de exceso, cambio de idioma y otras funciones.<\/p>\n<p>&nbsp;<\/p>\n<h3><strong><b>Aplicaci\u00f3n del fermentador:<\/b><\/strong><\/h3>\n<ol>\n<li>Producci\u00f3n de vacunas animales: Vacuna contra la influenza aviar, Vacuna contra el PRRS porcino, Fiebre aftosa, Vacuna contra la rabia, Vacuna contra visones, Vacuna DTP, Vacuna contra la difteria, Vacuna contra el t\u00e9tanos, etc.<\/li>\n<li>Producci\u00f3n de vacunas humanas: vacuna contra la difteria, vacuna contra el t\u00e9tanos, vacuna contra la meningitis, vacuna contra la neumon\u00eda IV, vacuna contra la hepatitis B, etc.<\/li>\n<li>Cultivo de microorganismos (bacterias, hongos, levaduras, etc.), c\u00e9lulas de mam\u00edferos (293, CHO, etc.), c\u00e9lulas vegetales, algas, enzimas, prote\u00ednas, aditivos, antibi\u00f3ticos, etc.<\/li>\n<\/ol>","protected":false},"excerpt":{"rendered":"<p>Fermenter Technical Parameters: Parameter Description Total volume 0.2L,0.5L,1L,2L,3L,5L,10L,20L,30L,40L etc. Working volume 50%~70% Tank Single glass vessel with stainless steel bottom. Lid made by stainless steel 316L with ports, condenser on the cover Stirring system Mechanical drive(GJ type)\u00a0or Magnetic drive(GC type, bottom\/top drive), 3\u00a0six-blade paddle and 1 foam breaker, each paddle height adjustable. Stir speed: 50~1000rpm\/50-500rpm [&hellip;]<\/p>\n","protected":false},"featured_media":1761,"template":"","meta":{"site-sidebar-layout":"default","site-content-layout":"","ast-site-content-layout":"default","site-content-style":"default","site-sidebar-style":"default","ast-global-header-display":"","ast-banner-title-visibility":"","ast-main-header-display":"","ast-hfb-above-header-display":"","ast-hfb-below-header-display":"","ast-hfb-mobile-header-display":"","site-post-title":"","ast-breadcrumbs-content":"","ast-featured-img":"","footer-sml-layout":"","ast-disable-related-posts":"","theme-transparent-header-meta":"default","adv-header-id-meta":"","stick-header-meta":"","header-above-stick-meta":"","header-main-stick-meta":"","header-below-stick-meta":"","astra-migrate-meta-layouts":"set","ast-page-background-enabled":"default","ast-page-background-meta":{"desktop":{"background-color":"","background-image":"","background-repeat":"repeat","background-position":"center center","background-size":"auto","background-attachment":"scroll","background-type":"","background-media":"","overlay-type":"","overlay-color":"","overlay-opacity":"","overlay-gradient":""},"tablet":{"background-color":"","background-image":"","background-repeat":"repeat","background-position":"center center","background-size":"auto","background-attachment":"scroll","background-type":"","background-media":"","overlay-type":"","overlay-color":"","overlay-opacity":"","overlay-gradient":""},"mobile":{"background-color":"","background-image":"","background-repeat":"repeat","background-position":"center center","background-size":"auto","background-attachment":"scroll","background-type":"","background-media":"","overlay-type":"","overlay-color":"","overlay-opacity":"","overlay-gradient":""}},"ast-content-background-meta":{"desktop":{"background-color":"var(--ast-global-color-5)","background-image":"","background-repeat":"repeat","background-position":"center center","background-size":"auto","background-attachment":"scroll","background-type":"","background-media":"","overlay-type":"","overlay-color":"","overlay-opacity":"","overlay-gradient":""},"tablet":{"background-color":"var(--ast-global-color-5)","background-image":"","background-repeat":"repeat","background-position":"center center","background-size":"auto","background-attachment":"scroll","background-type":"","background-media":"","overlay-type":"","overlay-color":"","overlay-opacity":"","overlay-gradient":""},"mobile":{"background-color":"var(--ast-global-color-5)","background-image":"","background-repeat":"repeat","background-position":"center center","background-size":"auto","background-attachment":"scroll","background-type":"","background-media":"","overlay-type":"","overlay-color":"","overlay-opacity":"","overlay-gradient":""}}},"product_brand":[],"product_cat":[40],"product_tag":[],"class_list":{"0":"post-907","1":"product","2":"type-product","3":"status-publish","4":"has-post-thumbnail","6":"product_cat-hot-products","7":"desktop-align-left","8":"tablet-align-left","9":"mobile-align-left","11":"first","12":"instock","13":"shipping-taxable","14":"product-type-simple"},"_links":{"self":[{"href":"https:\/\/fermentorchina.com\/es\/wp-json\/wp\/v2\/product\/907","targetHints":{"allow":["GET"]}}],"collection":[{"href":"https:\/\/fermentorchina.com\/es\/wp-json\/wp\/v2\/product"}],"about":[{"href":"https:\/\/fermentorchina.com\/es\/wp-json\/wp\/v2\/types\/product"}],"version-history":[{"count":0,"href":"https:\/\/fermentorchina.com\/es\/wp-json\/wp\/v2\/product\/907\/revisions"}],"wp:featuredmedia":[{"embeddable":true,"href":"https:\/\/fermentorchina.com\/es\/wp-json\/wp\/v2\/media\/1761"}],"wp:attachment":[{"href":"https:\/\/fermentorchina.com\/es\/wp-json\/wp\/v2\/media?parent=907"}],"wp:term":[{"taxonomy":"product_brand","embeddable":true,"href":"https:\/\/fermentorchina.com\/es\/wp-json\/wp\/v2\/product_brand?post=907"},{"taxonomy":"product_cat","embeddable":true,"href":"https:\/\/fermentorchina.com\/es\/wp-json\/wp\/v2\/product_cat?post=907"},{"taxonomy":"product_tag","embeddable":true,"href":"https:\/\/fermentorchina.com\/es\/wp-json\/wp\/v2\/product_tag?post=907"}],"curies":[{"name":"wp","href":"https:\/\/api.w.org\/{rel}","templated":true}]}}